{"id":197,"date":"2025-03-05T00:05:57","date_gmt":"2025-03-04T16:05:57","guid":{"rendered":"https:\/\/bfefishtank.com\/?post_type=product&#038;p=197"},"modified":"2025-03-05T00:05:57","modified_gmt":"2025-03-04T16:05:57","slug":"smart-rimless-aquarium-small-glass-fish-tank-bowl","status":"publish","type":"product","link":"https:\/\/bfefishtank.com\/vi\/products\/m-curved-aquarium-series\/smart-rimless-aquarium-small-glass-fish-tank-bowl\/","title":{"rendered":"B\u1ec3 c\u00e1 th\u1ee7y tinh nh\u1ecf th\u00f4ng minh kh\u00f4ng vi\u1ec1n"},"content":{"rendered":"<h2>B\u1ec3 c\u00e1 th\u1ee7y tinh nh\u1ecf th\u00f4ng minh kh\u00f4ng vi\u1ec1n<\/h2>\n<p class=\"translation-block\">N\u00e2ng t\u1ea7m kh\u00f4ng gian s\u1ed1ng c\u1ee7a b\u1ea1n v\u1edbi <strong>b\u1ec3 c\u00e1 b\u1eb1ng k\u00ednh<\/strong> \u0111a ch\u1ee9c n\u0103ng, \u0111\u01b0\u1ee3c thi\u1ebft k\u1ebf h\u00e0i h\u00f2a gi\u1eefa v\u1ebb \u0111\u1eb9p v\u00e0 t\u00ednh th\u1ef1c ti\u1ec5n. Ho\u00e0n h\u1ea3o cho ph\u00f2ng kh\u00e1ch ho\u1eb7c ng\u00f4i nh\u00e0 c\u1ee7a b\u1ea1n, k\u1ebft h\u1ee3p c\u00f4ng ngh\u1ec7 ti\u00ean ti\u1ebfn v\u1edbi thi\u1ebft k\u1ebf thanh l\u1ecbch.<\/p>\n<h3>T\u00ednh n\u0103ng s\u1ea3n ph\u1ea9m<\/h3>\n<table style=\"width: 100%; border-collapse: collapse;\">\n<thead>\n<tr>\n<th style=\"border: 1px solid #ddd; padding: 8px; background-color: #f2f2f2;\">T\u00ednh n\u0103ng \/ Th\u00f4ng s\u1ed1<\/th>\n<th style=\"border: 1px solid #ddd; padding: 8px; background-color: #f2f2f2;\">M\u00f4 t\u1ea3<\/th>\n<\/tr>\n<\/thead>\n<tbody>\n<tr>\n<td style=\"border: 1px solid #ddd; padding: 8px;\"><strong>T\u00ean s\u1ea3n ph\u1ea9m<\/strong><\/td>\n<td style=\"border: 1px solid #ddd; padding: 8px;\">B\u1ec3 c\u00e1 \u0111\u1ec3 b\u00e0n nh\u1ecf<\/td>\n<\/tr>\n<tr>\n<td style=\"border: 1px solid #ddd; padding: 8px;\"><strong>K\u1ecbch b\u1ea3n s\u1eed d\u1ee5ng<\/strong><\/td>\n<td style=\"border: 1px solid #ddd; padding: 8px;\">Ph\u00f2ng kh\u00e1ch, s\u1eed d\u1ee5ng t\u1ea1i nh\u00e0<\/td>\n<\/tr>\n<tr>\n<td style=\"border: 1px solid #ddd; padding: 8px;\"><strong>Ch\u1ea5t li\u1ec7u<\/strong><\/td>\n<td style=\"border: 1px solid #ddd; padding: 8px;\">K\u00ednh HD ch\u1ea5t l\u01b0\u1ee3ng \u00f4 t\u00f4<\/td>\n<\/tr>\n<tr>\n<td style=\"border: 1px solid #ddd; padding: 8px;\"><strong>Oxy h\u00f3a &amp; L\u1ecdc n\u01b0\u1edbc<\/strong><\/td>\n<td style=\"border: 1px solid #ddd; padding: 8px;\">T\u00edch h\u1ee3p s\u1eb5n l\u1ecdc v\u00e0 t\u1ea1o oxy, kh\u00f4ng c\u1ea7n thay n\u01b0\u1edbc<\/td>\n<\/tr>\n<tr>\n<td style=\"border: 1px solid #ddd; padding: 8px;\"><strong>H\u1ec7 th\u1ed1ng chi\u1ebfu s\u00e1ng<\/strong><\/td>\n<td style=\"border: 1px solid #ddd; padding: 8px;\">\u0110\u00e8n LED sinh th\u00e1i 7 m\u00e0u, \u0111\u00e8n LED b\u1ea3o v\u1ec7 m\u1eaft<\/td>\n<\/tr>\n<tr>\n<td style=\"border: 1px solid #ddd; padding: 8px;\"><strong>T\u00ednh n\u0103ng th\u00f4ng minh<\/strong><\/td>\n<td style=\"border: 1px solid #ddd; padding: 8px;\">\u0110i\u1ec1u ch\u1ec9nh \u00e1nh s\u00e1ng, \u0111i\u1ec1u ch\u1ec9nh s\u01b0\u01a1ng m\u00f9, hi\u1ec3n th\u1ecb nhi\u1ec7t \u0111\u1ed9 n\u01b0\u1edbc, c\u1ea3m bi\u1ebfn nhi\u1ec7t \u0111\u1ed9<\/td>\n<\/tr>\n<tr>\n<td style=\"border: 1px solid #ddd; padding: 8px;\"><strong>Tay ngh\u1ec1 th\u1ee7 c\u00f4ng<\/strong><\/td>\n<td style=\"border: 1px solid #ddd; padding: 8px;\">Thi\u1ebft k\u1ebf t\u00edch h\u1ee3p ba m\u1eb7t cong k\u00e9p, k\u00ednh bo tr\u00f2n, n\u1eafp m\u1edf l\u1eadt<\/td>\n<\/tr>\n<\/tbody>\n<\/table>\n<p data-start=\"42\" data-end=\"67\">\n<h3>T\u1ea1i sao n\u00ean ch\u1ecdn s\u1ea3n ph\u1ea9m n\u00e0y?<\/h3>\n<ul>\n<li class=\"translation-block\"><strong>Thi\u1ebft k\u1ebf \u0111a ch\u1ee9c n\u0103ng:<\/strong> K\u1ebft h\u1ee3p b\u1ec3 c\u00e1, m\u00e1y t\u1ea1o \u1ea9m v\u00e0 thi\u1ebft b\u1ecb \u0111u\u1ed5i mu\u1ed7i trong m\u1ed9t thi\u1ebft b\u1ecb thanh l\u1ecbch.<\/li>\n<li class=\"translation-block\"><strong>\u0110i\u1ec1u khi\u1ec3n th\u00f4ng minh:<\/strong> D\u1ec5 d\u00e0ng \u0111i\u1ec1u ch\u1ec9nh \u00e1nh s\u00e1ng, s\u01b0\u01a1ng m\u00f9 v\u00e0 theo d\u00f5i nhi\u1ec7t \u0111\u1ed9 n\u01b0\u1edbc v\u1edbi b\u1ea3ng \u0111i\u1ec1u khi\u1ec3n tr\u1ef1c quan.<\/li>\n<li class=\"translation-block\"><strong>B\u1ea3o tr\u00ec th\u1ea5p:<\/strong> H\u1ec7 th\u1ed1ng l\u1ecdc v\u00e0 t\u1ea1o oxy t\u00edch h\u1ee3p gi\u00fap lo\u1ea1i b\u1ecf nhu c\u1ea7u thay n\u01b0\u1edbc th\u01b0\u1eddng xuy\u00ean.<\/li>\n<li class=\"translation-block\"><strong>\u00c1nh s\u00e1ng b\u1ea3o v\u1ec7 m\u1eaft:<\/strong> T\u00edch h\u1ee3p \u0111\u00e8n LED sinh th\u00e1i 7 m\u00e0u v\u00e0 \u0111\u00e8n LED b\u1ea3o v\u1ec7 m\u1eaft, t\u1ea1o kh\u00f4ng gian th\u01b0 gi\u00e3n.<\/li>\n<li class=\"translation-block\"><strong>Ch\u1ebf t\u00e1c cao c\u1ea5p:<\/strong> K\u00ednh HD \u0111\u1ea1t chu\u1ea9n \u00f4 t\u00f4 v\u1edbi thi\u1ebft k\u1ebf ba m\u1eb7t cong k\u00e9p<\/li>\n<\/ul>\n<p>&nbsp;<\/p>","protected":false},"excerpt":{"rendered":"<p>Smart Rimless Aquarium Small Glass Fish Tank Bowl Upgrade your living space with this multifunctional Glass Fish Tank, designed for both beauty and practicality. Perfect for your living room or home, this fish tank combines advanced technology with elegant design. Product Features: Feature\/Parameter Description Product Name Smart Glass Fish Tank Usage Scenario Living Room, Home&#8230;<\/p>","protected":false},"featured_media":198,"template":"","meta":{"_kad_post_transparent":"default","_kad_post_title":"","_kad_post_layout":"default","_kad_post_sidebar_id":"","_kad_post_content_style":"default","_kad_post_vertical_padding":"default","_kad_post_feature":"","_kad_post_feature_position":"","_kad_post_header":false,"_kad_post_footer":false},"product_brand":[],"product_cat":[22],"product_tag":[32],"class_list":{"0":"post-197","1":"product","2":"type-product","3":"status-publish","4":"has-post-thumbnail","6":"product_cat-m-curved-aquarium-series","7":"product_tag-smart-rimless-aquarium-small-glass-fish-tank-bowl","9":"first","10":"instock","11":"shipping-taxable","12":"product-type-simple","13":"entry","14":"content-bg","15":"loop-entry"},"jetpack_sharing_enabled":true,"_links":{"self":[{"href":"https:\/\/bfefishtank.com\/vi\/wp-json\/wp\/v2\/product\/197","targetHints":{"allow":["GET"]}}],"collection":[{"href":"https:\/\/bfefishtank.com\/vi\/wp-json\/wp\/v2\/product"}],"about":[{"href":"https:\/\/bfefishtank.com\/vi\/wp-json\/wp\/v2\/types\/product"}],"wp:featuredmedia":[{"embeddable":true,"href":"https:\/\/bfefishtank.com\/vi\/wp-json\/wp\/v2\/media\/198"}],"wp:attachment":[{"href":"https:\/\/bfefishtank.com\/vi\/wp-json\/wp\/v2\/media?parent=197"}],"wp:term":[{"taxonomy":"product_brand","embeddable":true,"href":"https:\/\/bfefishtank.com\/vi\/wp-json\/wp\/v2\/product_brand?post=197"},{"taxonomy":"product_cat","embeddable":true,"href":"https:\/\/bfefishtank.com\/vi\/wp-json\/wp\/v2\/product_cat?post=197"},{"taxonomy":"product_tag","embeddable":true,"href":"https:\/\/bfefishtank.com\/vi\/wp-json\/wp\/v2\/product_tag?post=197"}],"curies":[{"name":"wp","href":"https:\/\/api.w.org\/{rel}","templated":true}]}}