{"id":220,"date":"2025-03-09T11:30:30","date_gmt":"2025-03-09T03:30:30","guid":{"rendered":"https:\/\/bfefishtank.com\/?post_type=product&#038;p=220"},"modified":"2025-03-09T11:57:58","modified_gmt":"2025-03-09T03:57:58","slug":"glass-fish-tank-aquarium","status":"publish","type":"product","link":"https:\/\/bfefishtank.com\/vi\/products\/kf-rectangular-aquarium\/glass-fish-tank-aquarium\/","title":{"rendered":"B\u1ec3 c\u00e1 b\u1eb1ng k\u00ednh"},"content":{"rendered":"<div class=\"chat-content-container\" data-v-8d365a2c=\"\">\n<div class=\"chat-content-list\" data-v-8d365a2c=\"\">\n<div class=\"chat-content-item\" data-v-8d365a2c=\"\">\n<div class=\"segment segment-assistant\" data-v-3a203885=\"\" data-v-8d365a2c=\"\">\n<div class=\"segment-container\" data-v-3a203885=\"\">\n<div class=\"segment-content\" data-v-c0e72f48=\"\">\n<div class=\"segment-content-box\" data-v-c0e72f48=\"\">\n<div class=\"markdown-container\" data-v-dbe669ce=\"\" data-v-c0e72f48=\"\">\n<div class=\"markdown\" data-v-53cd9be5=\"\" data-v-dbe669ce=\"\">\n<h4 class=\"\"><strong class=\"\">T\u00ednh n\u0103ng\u00a0<\/strong><\/h4>\n<ol start=\"1\">\n<li>\n<div class=\"paragraph\"><strong>K\u00ednh si\u00eau trong su\u1ed1t\u00a0<\/strong><\/div>\n<ul>\n<li>\n<div class=\"paragraph translation-block\"><strong>\u0110\u1ed9 trong su\u1ed1t v\u01b0\u1ee3t tr\u1ed9i<\/strong>: L\u00e0m t\u1eeb k\u00ednh si\u00eau trong, cho kh\u1ea3 n\u0103ng truy\u1ec1n s\u00e1ng tuy\u1ec7t v\u1eddi v\u00e0 h\u00ecnh \u1ea3nh kh\u00f4ng b\u1ecb bi\u1ebfn d\u1ea1ng.<\/div>\n<\/li>\n<\/ul>\n<\/li>\n<li>\n<div class=\"paragraph\"><strong>Thi\u1ebft k\u1ebf k\u00ednh g\u00f3c vu\u00f4ng\u00a0<\/strong><\/div>\n<ul>\n<li>\n<div class=\"paragraph translation-block\"><strong>C\u1ea1nh s\u1eafc n\u00e9t<\/strong>: K\u00ednh \u0111\u01b0\u1ee3c c\u1eaft g\u00f3c vu\u00f4ng ch\u00ednh x\u00e1c, mang l\u1ea1i v\u1ebb ngo\u00e0i hi\u1ec7n \u0111\u1ea1i v\u00e0 tinh t\u1ebf, ph\u00f9 h\u1ee3p v\u1edbi m\u1ecdi kh\u00f4ng gian.<\/div>\n<\/li>\n<\/ul>\n<\/li>\n<li>\n<div class=\"paragraph\"><strong class=\"\">\u0110\u01b0\u1ee3c b\u1ecbt k\u00edn v\u00e0 ch\u1ed1ng n\u01b0\u1edbc\u00a0<\/strong><\/div>\n<ul>\n<li>\n<div class=\"paragraph translation-block\">Ni\u00eam phong ch\u1ed1ng r\u00f2 r\u1ec9: \u0110\u01b0\u1ee3c b\u1ecbt k\u00edn chuy\u00ean nghi\u1ec7p b\u1eb1ng silicone ch\u1ea5t l\u01b0\u1ee3ng cao, \u0111\u1ea3m b\u1ea3o \u0111\u1ed9 b\u1ec1n v\u00e0 kh\u1ea3 n\u0103ng ch\u1ed1ng n\u01b0\u1edbc.<\/div>\n<\/li>\n<\/ul>\n<\/li>\n<li>\n<div class=\"paragraph\"><strong>Ph\u00e2n b\u1ed1 tr\u1ecdng l\u01b0\u1ee3ng c\u00e2n b\u1eb1ng\u00a0<\/strong><\/div>\n<ul>\n<li>\n<div class=\"paragraph translation-block\"><strong>K\u1ebft c\u1ea5u \u1ed5n \u0111\u1ecbnh<\/strong>: Thi\u1ebft k\u1ebf v\u1edbi s\u1ef1 ph\u00e2n b\u1ed5 tr\u1ecdng l\u01b0\u1ee3ng c\u00e2n b\u1eb1ng \u0111\u1ec3 \u0111\u1ea3m b\u1ea3o \u0111\u1ed9 v\u1eefng ch\u1eafc, k\u1ec3 c\u1ea3 khi c\u00f3 \u0111\u1ed3 trang tr\u00ed n\u1eb7ng ho\u1eb7c c\u00e1 l\u1edbn.<\/div>\n<\/li>\n<\/ul>\n<\/li>\n<li>\n<div class=\"paragraph\"><strong>C\u1ea1nh \u0111\u01b0\u1ee3c x\u1eed l\u00fd ch\u00ednh x\u00e1c\u00a0<\/strong><\/div>\n<ul>\n<li>\n<div class=\"paragraph translation-block\"><strong>C\u1ea1nh m\u1ecbn<\/strong>: C\u00e1c c\u1ea1nh \u0111\u01b0\u1ee3c m\u00e0i ch\u00ednh x\u00e1c \u0111\u1ec3 \u0111\u1ea3m b\u1ea3o an to\u00e0n v\u00e0 v\u1ebb ngo\u00e0i b\u00f3ng b\u1ea9y, ng\u0103n ch\u1eb7n c\u00e1c g\u00f3c nh\u1ecdn.<\/div>\n<\/li>\n<\/ul>\n<\/li>\n<li>\n<div class=\"paragraph\"><strong>\u0110\u00e8n LED ch\u1ed1ng n\u01b0\u1edbc \u0111\u1ed9 s\u00e1ng cao\u00a0<\/strong><\/div>\n<ul>\n<li>\n<div class=\"paragraph translation-block\"><strong>\u0110\u00e8n ti\u1ebft ki\u1ec7m n\u0103ng l\u01b0\u1ee3ng<\/strong>: \u0110\u00e8n LED \u0111\u1ed9 s\u00e1ng cao, ch\u1ed1ng n\u01b0\u1edbc, \u0111\u1ea3m b\u1ea3o hi\u1ec7u su\u1ea5t l\u00e2u d\u00e0i v\u00e0 v\u1eadn h\u00e0nh an to\u00e0n.<\/div>\n<\/li>\n<\/ul>\n<\/li>\n<li>\n<div class=\"paragraph\"><strong>H\u1ec7 th\u1ed1ng l\u1ecdc tu\u1ea7n ho\u00e0n t\u1ef1 \u0111\u1ed9ng\u00a0<\/strong><\/div>\n<ul>\n<li>\n<div class=\"paragraph translation-block\"><strong class=\"\">Kh\u00f4ng c\u1ea7n b\u1ea3o tr\u00ec<\/strong>: Trang b\u1ecb h\u1ec7 th\u1ed1ng l\u1ecdc tu\u1ea7n ho\u00e0n t\u1ef1 \u0111\u1ed9ng gi\u00fap duy tr\u00ec ch\u1ea5t l\u01b0\u1ee3ng n\u01b0\u1edbc, gi\u1ea3m thi\u1ec3u nhu c\u1ea7u b\u1ea3o tr\u00ec th\u01b0\u1eddng xuy\u00ean.<\/div>\n<\/li>\n<\/ul>\n<\/li>\n<li>\n<div class=\"paragraph\"><strong>Kh\u00f4ng c\u1ea7n thay n\u01b0\u1edbc su\u1ed1t c\u1ea3 n\u0103m\u00a0<\/strong><\/div>\n<ul>\n<li>\n<div class=\"paragraph translation-block\"><strong>B\u1ea3o tr\u00ec ti\u1ec7n l\u1ee3i<\/strong>: \u0110\u01b0\u1ee3c thi\u1ebft k\u1ebf \u0111\u1ec3 duy tr\u00ec ch\u1ea5t l\u01b0\u1ee3ng n\u01b0\u1edbc su\u1ed1t c\u1ea3 n\u0103m, l\u00fd t\u01b0\u1edfng cho ng\u01b0\u1eddi b\u1eadn r\u1ed9n v\u00e0 mang l\u1ea1i tr\u1ea3i nghi\u1ec7m b\u1ec3 c\u00e1 kh\u00f4ng phi\u1ec1n ph\u1ee9c.<\/div>\n<\/li>\n<\/ul>\n<\/li>\n<\/ol>\n<h4 class=\"\"><strong>L\u1ee3i \u00edch\u00a0<\/strong><\/h4>\n<ul>\n<li>\n<div class=\"paragraph translation-block\"><strong class=\"\">\u0110\u1ed9 trong su\u1ed1t v\u01b0\u1ee3t tr\u1ed9i<\/strong>: K\u00ednh trong su\u1ed1t cao \u0111\u1ea3m b\u1ea3o t\u1ea7m nh\u00ecn r\u00f5 r\u00e0ng v\u00e0 s\u1ed1ng \u0111\u1ed9ng cho th\u00fa c\u01b0ng d\u01b0\u1edbi n\u01b0\u1edbc c\u1ee7a b\u1ea1n.<\/div>\n<\/li>\n<li>\n<div class=\"paragraph translation-block\"><strong>Thi\u1ebft k\u1ebf hi\u1ec7n \u0111\u1ea1i<\/strong>: Thi\u1ebft k\u1ebf k\u00ednh g\u00f3c vu\u00f4ng mang l\u1ea1i n\u00e9t hi\u1ec7n \u0111\u1ea1i cho b\u1ea5t k\u1ef3 kh\u00f4ng gian n\u00e0o.<\/div>\n<\/li>\n<li>\n<div class=\"paragraph translation-block\"><strong>\u0110\u1ed9 b\u1ec1n cao<\/strong>: \u0110\u01b0\u1ee3c b\u1ecbt k\u00edn chuy\u00ean nghi\u1ec7p v\u00e0 ph\u00e2n b\u1ed1 tr\u1ecdng l\u01b0\u1ee3ng h\u1ee3p l\u00fd, \u0111\u1ea3m b\u1ea3o s\u1eed d\u1ee5ng l\u00e2u d\u00e0i v\u00e0 \u1ed5n \u0111\u1ecbnh.<\/div>\n<\/li>\n<li>\n<div class=\"paragraph translation-block\"><strong>An to\u00e0n<\/strong>: C\u00e1c c\u1ea1nh \u0111\u01b0\u1ee3c m\u00e0i nh\u1eb5n ch\u00ednh x\u00e1c v\u00e0 \u0111\u00e8n LED ch\u1ed1ng n\u01b0\u1edbc gi\u00fap b\u1ec3 c\u00e1 an to\u00e0n cho c\u1ea3 th\u00fa c\u01b0ng v\u00e0 ng\u01b0\u1eddi d\u00f9ng.<\/div>\n<\/li>\n<li>\n<div class=\"paragraph translation-block\"><strong>D\u1ec5 b\u1ea3o tr\u00ec<\/strong>: H\u1ec7 th\u1ed1ng l\u1ecdc tu\u1ea7n ho\u00e0n t\u1ef1 \u0111\u1ed9ng v\u00e0 ch\u1ee9c n\u0103ng kh\u00f4ng c\u1ea7n thay n\u01b0\u1edbc quanh n\u0103m gi\u00fap d\u1ec5 d\u00e0ng b\u1ea3o tr\u00ec, ngay c\u1ea3 v\u1edbi ng\u01b0\u1eddi m\u1edbi b\u1eaft \u0111\u1ea7u.<\/div>\n<\/li>\n<li>\n<div class=\"paragraph translation-block\"><strong class=\"\">Hi\u1ec7u qu\u1ea3 n\u0103ng l\u01b0\u1ee3ng<\/strong>: \u0110\u00e8n LED \u0111\u1ed9 s\u00e1ng cao cung c\u1ea5p \u00e1nh s\u00e1ng m\u1ea1nh m\u1ebd v\u00e0 ti\u1ebft ki\u1ec7m \u0111i\u1ec7n n\u0103ng.<\/div>\n<\/li>\n<\/ul>\n<\/div>\n<\/div>\n<\/div>\n<div class=\"segment-assistant-actions\" data-v-4292d3a2=\"\">\n<div class=\"segment-assistant-actions-content\" data-v-4292d3a2=\"\">\n<div class=\"segment-actions-content-btn\" data-v-a65fb058=\"\" data-v-4292d3a2=\"\"><\/div>\n<\/div>\n<div class=\"segment-assistant-actions-content\" data-v-4292d3a2=\"\">\n<div class=\"segment-actions-content-btn\" data-v-fb002fe5=\"\"><\/div>\n<\/div>\n<\/div>\n<\/div>\n<\/div>\n<\/div>\n<\/div>\n<\/div>\n<\/div>","protected":false},"excerpt":{"rendered":"<p>Features\u00a0 High-Transparency Glass\u00a0 Superior Clarity: Made from ultra-clear glass, providing exceptional light transmittance and a distortion-free viewing experience. Right-Angle Glass Design\u00a0 Sharp Edges: Precision-cut right-angle glass ensures a modern and sleek appearance, perfect for any setting. Sealed and Waterproof\u00a0 Professional Sealing: Professionally sealed with high-quality silicone to ensure complete waterproofing and durability. Balanced Weight Distribution\u00a0&#8230;<\/p>","protected":false},"featured_media":221,"template":"","meta":{"_kad_post_transparent":"default","_kad_post_title":"","_kad_post_layout":"default","_kad_post_sidebar_id":"","_kad_post_content_style":"default","_kad_post_vertical_padding":"default","_kad_post_feature":"","_kad_post_feature_position":"","_kad_post_header":false,"_kad_post_footer":false},"product_brand":[],"product_cat":[26],"product_tag":[36],"class_list":{"0":"post-220","1":"product","2":"type-product","3":"status-publish","4":"has-post-thumbnail","6":"product_cat-kf-rectangular-aquarium","7":"product_tag-glass-fish-tank-aquarium","9":"first","10":"instock","11":"shipping-taxable","12":"product-type-simple","13":"entry","14":"content-bg","15":"loop-entry"},"jetpack_sharing_enabled":true,"_links":{"self":[{"href":"https:\/\/bfefishtank.com\/vi\/wp-json\/wp\/v2\/product\/220","targetHints":{"allow":["GET"]}}],"collection":[{"href":"https:\/\/bfefishtank.com\/vi\/wp-json\/wp\/v2\/product"}],"about":[{"href":"https:\/\/bfefishtank.com\/vi\/wp-json\/wp\/v2\/types\/product"}],"wp:featuredmedia":[{"embeddable":true,"href":"https:\/\/bfefishtank.com\/vi\/wp-json\/wp\/v2\/media\/221"}],"wp:attachment":[{"href":"https:\/\/bfefishtank.com\/vi\/wp-json\/wp\/v2\/media?parent=220"}],"wp:term":[{"taxonomy":"product_brand","embeddable":true,"href":"https:\/\/bfefishtank.com\/vi\/wp-json\/wp\/v2\/product_brand?post=220"},{"taxonomy":"product_cat","embeddable":true,"href":"https:\/\/bfefishtank.com\/vi\/wp-json\/wp\/v2\/product_cat?post=220"},{"taxonomy":"product_tag","embeddable":true,"href":"https:\/\/bfefishtank.com\/vi\/wp-json\/wp\/v2\/product_tag?post=220"}],"curies":[{"name":"wp","href":"https:\/\/api.w.org\/{rel}","templated":true}]}}