{"id":232,"date":"2025-03-09T17:05:27","date_gmt":"2025-03-09T09:05:27","guid":{"rendered":"https:\/\/bfefishtank.com\/?post_type=product&#038;p=232"},"modified":"2025-03-09T17:05:27","modified_gmt":"2025-03-09T09:05:27","slug":"betta-fish-tank","status":"publish","type":"product","link":"https:\/\/bfefishtank.com\/vi\/products\/betta-fish-tank\/betta-fish-tank\/","title":{"rendered":"B\u1ec3 c\u00e1 cho c\u00e1 Betta"},"content":{"rendered":"<h4 class=\"\"><strong class=\"\">T\u00ednh n\u0103ng s\u1ea3n ph\u1ea9m\u00a0<\/strong><\/h4>\n<ol start=\"1\">\n<li>\n<div class=\"paragraph\"><strong>Ch\u1ea5t li\u1ec7u acrylic \u0111\u1ed9 n\u00e9t cao\u00a0<\/strong><\/div>\n<ul>\n<li>\n<div class=\"paragraph translation-block\"><strong>\u0110\u1ed9 trong su\u1ed1t v\u01b0\u1ee3t tr\u1ed9i<\/strong>: L\u00e0m t\u1eeb ch\u1ea5t li\u1ec7u acrylic cao c\u1ea5p, mang l\u1ea1i \u0111\u1ed9 trong su\u1ed1t v\u00e0 \u0111\u1ed9 b\u1ec1n tuy\u1ec7t v\u1eddi. \u0110\u1ea3m b\u1ea3o t\u1ea7m nh\u00ecn r\u00f5 n\u00e9t v\u00e0 s\u1ed1ng \u0111\u1ed9ng v\u1ec1 \u0111\u00e0n c\u00e1 c\u1ee7a b\u1ea1n.<\/div>\n<\/li>\n<\/ul>\n<\/li>\n<li>\n<div class=\"paragraph\"><strong>H\u1ec7 th\u1ed1ng l\u1ecdc \u0111\u00f4i\u00a0<\/strong><\/div>\n<ul>\n<li>\n<div class=\"paragraph translation-block\"><strong>Ch\u1ea5t l\u01b0\u1ee3ng n\u01b0\u1edbc \u0111\u01b0\u1ee3c c\u1ea3i thi\u1ec7n<\/strong>: Trang b\u1ecb h\u1ec7 th\u1ed1ng l\u1ecdc \u0111\u00f4i gi\u00fap duy tr\u00ec ch\u1ea5t l\u01b0\u1ee3ng n\u01b0\u1edbc v\u00e0 \u0111\u1ed9 s\u1ea1ch t\u1ed1i \u01b0u.<\/div>\n<\/li>\n<\/ul>\n<\/li>\n<li>\n<div class=\"paragraph\"><strong>Thi\u1ebft k\u1ebf b\u1ed1n ng\u0103n\u00a0<\/strong><\/div>\n<ul>\n<li>\n<div class=\"paragraph translation-block\"><strong>Ng\u0103n ri\u00eang bi\u1ec7t<\/strong>: B\u1ec3 c\u00e1 \u0111\u01b0\u1ee3c chia th\u00e0nh b\u1ed1n ng\u0103n, cho ph\u00e9p b\u1ea1n nu\u00f4i nhi\u1ec1u lo\u1ea1i c\u00e1 ho\u1eb7c c\u00e1c lo\u00e0i kh\u00e1c nhau m\u1ed9t c\u00e1ch an to\u00e0n.<\/div>\n<\/li>\n<\/ul>\n<\/li>\n<li>\n<div class=\"paragraph\"><strong class=\"\">C\u1ed5ng cho \u0103n \u0111\u1ed9c l\u1eadp\u00a0<\/strong><\/div>\n<ul>\n<li>\n<div class=\"paragraph translation-block\"><strong>Cho \u0103n ti\u1ec7n l\u1ee3i<\/strong>: M\u1ed7i ng\u0103n c\u00f3 m\u1ed9t c\u1ed5ng cho \u0103n ri\u00eang gi\u00fap cho vi\u1ec7c cho c\u00e1 \u0103n d\u1ec5 d\u00e0ng v\u00e0 ch\u00ednh x\u00e1c.<\/div>\n<\/li>\n<\/ul>\n<\/li>\n<li>\n<div class=\"paragraph\"><strong>V\u00e1ch ng\u0103n c\u00f3 th\u1ec3 th\u00e1o r\u1eddi\u00a0<\/strong><\/div>\n<ul>\n<li>\n<div class=\"paragraph translation-block\"><strong>C\u1ea5u h\u00ecnh linh ho\u1ea1t<\/strong>: V\u00e1ch ng\u0103n c\u00f3 th\u1ec3 d\u1ec5 d\u00e0ng th\u00e1o r\u1eddi ho\u1eb7c thay \u0111\u1ed5i v\u1ecb tr\u00ed theo nhu c\u1ea7u c\u1ee7a b\u1ea1n.<\/div>\n<\/li>\n<\/ul>\n<\/li>\n<li>\n<div class=\"paragraph\"><strong>Thi\u1ebft k\u1ebf mi\u1ebfng \u0111\u1ec7m s\u01b0\u1edfi\u00a0<\/strong><\/div>\n<ul>\n<li>\n<div class=\"paragraph translation-block\"><strong>\u0110i\u1ec1u ch\u1ec9nh nhi\u1ec7t \u0111\u1ed9<\/strong>: T\u1ea5m s\u01b0\u1edfi t\u00edch h\u1ee3p gi\u00fap duy tr\u00ec m\u00f4i tr\u01b0\u1eddng \u1ed5n \u0111\u1ecbnh v\u00e0 \u1ea5m \u00e1p cho c\u00e1 c\u1ee7a b\u1ea1n.<\/div>\n<\/li>\n<\/ul>\n<\/li>\n<li>\n<div class=\"paragraph\"><strong class=\"\">Khu v\u1ef1c \u1ea9n n\u1ea5p\u00a0<\/strong><\/div>\n<ul>\n<li>\n<div class=\"paragraph translation-block\"><strong class=\"\">Kh\u00f4ng gian an to\u00e0n<\/strong>: \u0110\u01b0\u1ee3c thi\u1ebft k\u1ebf v\u1edbi c\u00e1c khu v\u1ef1c \u1ea9n n\u1ea5p \u0111\u1ec3 t\u1ea1o m\u00f4i tr\u01b0\u1eddng t\u1ef1 nhi\u00ean v\u00e0 kh\u00f4ng c\u0103ng th\u1eb3ng cho c\u00e1 c\u1ee7a b\u1ea1n.<\/div>\n<\/li>\n<\/ul>\n<\/li>\n<li>\n<div class=\"paragraph\"><strong>L\u1ecdc sinh th\u00e1i v\u00e0 l\u1ecdc \u0111\u1ea7m l\u1ea7y\u00a0<\/strong><\/div>\n<ul>\n<li>\n<div class=\"paragraph translation-block\"><strong>L\u1ecdc N\u01b0\u1edbc T\u1ef1 Nhi\u00ean<\/strong>: S\u1eed d\u1ee5ng h\u1ec7 th\u1ed1ng l\u1ecdc th\u00e2n thi\u1ec7n v\u1edbi m\u00f4i tr\u01b0\u1eddng m\u00f4 ph\u1ecfng qu\u00e1 tr\u00ecnh l\u1ecdc n\u01b0\u1edbc t\u1ef1 nhi\u00ean.<\/div>\n<\/li>\n<\/ul>\n<\/li>\n<li>\n<div class=\"paragraph\"><strong>D\u1ea3i \u0111\u00e8n LED t\u00edch h\u1ee3p\u00a0<\/strong><\/div>\n<ul>\n<li>\n<div class=\"paragraph translation-block\"><strong>H\u1ec7 th\u1ed1ng chi\u1ebfu s\u00e1ng t\u00f9y ch\u1ec9nh<\/strong>: Trang b\u1ecb d\u1ea3i \u0111\u00e8n LED t\u00edch h\u1ee3p \u0111\u1ec3 t\u0103ng t\u00ednh th\u1ea9m m\u1ef9 cho b\u1ec3 c\u00e1 c\u1ee7a b\u1ea1n.<\/div>\n<\/li>\n<\/ul>\n<\/li>\n<\/ol>\n<h4 class=\"\"><strong class=\"\">Th\u00f4ng s\u1ed1 s\u1ea3n ph\u1ea9m\u00a0<\/strong><\/h4>\n<ul>\n<li>\n<div class=\"paragraph\"><strong>K\u00edch th\u01b0\u1edbc<\/strong>: 37.8cm x 18.8cm x 14.3cm<\/div>\n<\/li>\n<li>\n<div class=\"paragraph translation-block\"><strong>Ch\u1ea5t li\u1ec7u<\/strong>: Acrylic \u0111\u1ed9 n\u00e9t cao<\/div>\n<\/li>\n<li>\n<div class=\"paragraph translation-block\"><strong>L\u1ecdc<\/strong>: H\u1ec7 th\u1ed1ng l\u1ecdc k\u00e9p<\/div>\n<\/li>\n<li>\n<div class=\"paragraph translation-block\"><strong>Chi\u1ebfu s\u00e1ng<\/strong>: D\u1ea3i \u0111\u00e8n LED t\u00edch h\u1ee3p<\/div>\n<\/li>\n<li>\n<div class=\"paragraph translation-block\"><strong>Gia nhi\u1ec7t<\/strong>: T\u1ea5m s\u01b0\u1edfi t\u00edch h\u1ee3p<\/div>\n<\/li>\n<li>\n<div class=\"paragraph translation-block\"><strong>Thi\u1ebft k\u1ebf<\/strong>: Ng\u0103n chia th\u00e0nh b\u1ed1n ph\u1ea7n v\u1edbi v\u00e1ch ng\u0103n c\u00f3 th\u1ec3 th\u00e1o r\u1eddi v\u00e0 c\u1ed5ng cho \u0103n \u0111\u1ed9c l\u1eadp<\/div>\n<\/li>\n<\/ul>\n<hr \/>\n<h4 class=\"\"><strong class=\"\">L\u1ee3i \u00edch\u00a0<\/strong><\/h4>\n<ul>\n<li>\n<div class=\"paragraph translation-block\"><strong>\u0110\u1ed9 trong su\u1ed1t v\u00e0 \u0111\u1ed9 b\u1ec1n cao<\/strong>: Ch\u1ea5t li\u1ec7u acrylic \u0111\u1ed9 n\u00e9t cao \u0111\u1ea3m b\u1ea3o b\u1ec3 c\u00e1 trong su\u1ed1t v\u00e0 b\u1ec1n b\u1ec9.<\/div>\n<\/li>\n<li>\n<div class=\"paragraph translation-block\"><strong>C\u1ea5u h\u00ecnh linh ho\u1ea1t<\/strong>: Thi\u1ebft k\u1ebf b\u1ed1n ng\u0103n v\u1edbi v\u00e1ch ng\u0103n c\u00f3 th\u1ec3 th\u00e1o r\u1eddi cho ph\u00e9p s\u1eafp x\u1ebfp \u0111a d\u1ea1ng.<\/div>\n<\/li>\n<li>\n<div class=\"paragraph translation-block\"><strong>Enhanced Water Quality<\/strong>: Dual filtration and eco-friendly filtration systems ensure a clean and healthy environment for your fish.<\/div>\n<\/li>\n<li>\n<div class=\"paragraph translation-block\"><strong>User-Friendly Design<\/strong>: Independent feeding ports and built-in LED lights make this aquarium easy to use and maintain.<\/div>\n<\/li>\n<li>\n<div class=\"paragraph translation-block\"><strong>M\u00f4i tr\u01b0\u1eddng T\u1ef1 nhi\u00ean<\/strong>: Khu v\u1ef1c \u1ea9n n\u1ea5p v\u00e0 h\u1ec7 th\u1ed1ng l\u1ecdc t\u1ef1 nhi\u00ean mang l\u1ea1i m\u00f4i tr\u01b0\u1eddng kh\u00f4ng c\u0103ng th\u1eb3ng cho c\u00e1 c\u1ee7a b\u1ea1n.<\/div>\n<\/li>\n<\/ul>","protected":false},"excerpt":{"rendered":"<p>Product Features\u00a0 High-Definition Acrylic Material\u00a0 Superior Clarity: Made from high-quality acrylic, providing exceptional transparency and durability. This ensures a clear and vibrant view of your fish. Dual Filtration System\u00a0 Enhanced Water Quality: Equipped with a dual filtration system to maintain optimal water quality and cleanliness. Four-Section Design\u00a0 Separate Compartments: The aquarium is divided into four&#8230;<\/p>","protected":false},"featured_media":233,"template":"","meta":{"_kad_post_transparent":"default","_kad_post_title":"","_kad_post_layout":"default","_kad_post_sidebar_id":"","_kad_post_content_style":"default","_kad_post_vertical_padding":"default","_kad_post_feature":"","_kad_post_feature_position":"","_kad_post_header":false,"_kad_post_footer":false},"product_brand":[],"product_cat":[15],"product_tag":[39],"class_list":{"0":"post-232","1":"product","2":"type-product","3":"status-publish","4":"has-post-thumbnail","6":"product_cat-betta-fish-tank","7":"product_tag-betta-fish-tank","9":"first","10":"instock","11":"shipping-taxable","12":"product-type-simple","13":"entry","14":"content-bg","15":"loop-entry"},"jetpack_sharing_enabled":true,"_links":{"self":[{"href":"https:\/\/bfefishtank.com\/vi\/wp-json\/wp\/v2\/product\/232","targetHints":{"allow":["GET"]}}],"collection":[{"href":"https:\/\/bfefishtank.com\/vi\/wp-json\/wp\/v2\/product"}],"about":[{"href":"https:\/\/bfefishtank.com\/vi\/wp-json\/wp\/v2\/types\/product"}],"wp:featuredmedia":[{"embeddable":true,"href":"https:\/\/bfefishtank.com\/vi\/wp-json\/wp\/v2\/media\/233"}],"wp:attachment":[{"href":"https:\/\/bfefishtank.com\/vi\/wp-json\/wp\/v2\/media?parent=232"}],"wp:term":[{"taxonomy":"product_brand","embeddable":true,"href":"https:\/\/bfefishtank.com\/vi\/wp-json\/wp\/v2\/product_brand?post=232"},{"taxonomy":"product_cat","embeddable":true,"href":"https:\/\/bfefishtank.com\/vi\/wp-json\/wp\/v2\/product_cat?post=232"},{"taxonomy":"product_tag","embeddable":true,"href":"https:\/\/bfefishtank.com\/vi\/wp-json\/wp\/v2\/product_tag?post=232"}],"curies":[{"name":"wp","href":"https:\/\/api.w.org\/{rel}","templated":true}]}}