{"id":234,"date":"2025-03-09T17:50:39","date_gmt":"2025-03-09T09:50:39","guid":{"rendered":"https:\/\/bfefishtank.com\/?post_type=product&#038;p=234"},"modified":"2025-03-09T17:51:27","modified_gmt":"2025-03-09T09:51:27","slug":"betta-glass-fish-tank","status":"publish","type":"product","link":"https:\/\/bfefishtank.com\/vi\/products\/betta-fish-tank\/betta-glass-fish-tank\/","title":{"rendered":"B\u1ec3 c\u00e1 cho c\u00e1 Betta"},"content":{"rendered":"<h4 class=\"\"><strong class=\"\">T\u00ednh n\u0103ng s\u1ea3n ph\u1ea9m<\/strong><\/h4>\n<ol start=\"1\">\n<li>\n<div class=\"paragraph\"><strong>Quy tr\u00ecnh \u00e9p nhi\u1ec7t \u0111\u1ed9 cao\u00a0<\/strong><\/div>\n<ul>\n<li>\n<div class=\"paragraph translation-block\"><strong>\u0110\u1ed9 b\u1ec1n v\u00e0 \u0111\u1ed9 trong su\u1ed1t<\/strong>: S\u1eed d\u1ee5ng quy tr\u00ecnh \u00e9p \u1edf nhi\u1ec7t \u0111\u1ed9 cao \u0111\u1ec3 \u0111\u1ea3m b\u1ea3o k\u00ednh v\u1eeba b\u1ec1n v\u1eeba trong su\u1ed1t. Quy tr\u00ecnh n\u00e0y gi\u00fap t\u0103ng \u0111\u1ed9 r\u00f5 n\u00e9t v\u00e0 tu\u1ed5i th\u1ecd cho b\u1ec3 c\u00e1.<\/div>\n<\/li>\n<\/ul>\n<\/li>\n<li>\n<div class=\"paragraph\"><strong class=\"\">Thi\u1ebft K\u1ebf Thanh L\u1ecbch\u00a0<\/strong><\/div>\n<ul>\n<li>\n<div class=\"paragraph translation-block\"><strong>Th\u1ea9m M\u1ef9 Hi\u1ec7n \u0110\u1ea1i<\/strong>: Thi\u1ebft k\u1ebf sang tr\u1ecdng nh\u01b0ng t\u1ed1i gi\u1ea3n, ph\u00f9 h\u1ee3p v\u1edbi gia \u0111\u00ecnh, v\u0103n ph\u00f2ng, kh\u00e1ch s\u1ea1n v\u00e0 c\u1eeda h\u00e0ng b\u00e1n l\u1ebb.<\/div>\n<\/li>\n<\/ul>\n<\/li>\n<li>\n<div class=\"paragraph\"><strong>\u1ee8ng D\u1ee5ng \u0110a N\u0103ng\u00a0<\/strong><\/div>\n<ul>\n<li>\n<div class=\"paragraph translation-block\"><strong>L\u00fd T\u01b0\u1edfng Cho Nhi\u1ec1u Kh\u00f4ng Gian<\/strong>: Ho\u00e0n h\u1ea3o \u0111\u1ec3 t\u0103ng c\u01b0\u1eddng kh\u00f4ng gian ph\u00f2ng kh\u00e1ch, v\u0103n ph\u00f2ng, s\u1ea3nh kh\u00e1ch s\u1ea1n v\u00e0 n\u1ed9i th\u1ea5t c\u1eeda h\u00e0ng. Thi\u1ebft k\u1ebf tinh t\u1ebf mang \u0111\u1ebfn s\u1ef1 sang tr\u1ecdng cho b\u1ea5t k\u1ef3 khu v\u1ef1c n\u00e0o.<\/div>\n<\/li>\n<\/ul>\n<\/li>\n<li>\n<div class=\"paragraph\"><strong>Mi\u1ec7ng Tr\u00f2n\u00a0<\/strong><\/div>\n<ul>\n<li>\n<div class=\"paragraph translation-block\"><strong>C\u1ea1nh M\u1ecbn<\/strong>: B\u1ec3 c\u00e1 c\u00f3 thi\u1ebft k\u1ebf mi\u1ec7ng tr\u00f2n v\u1edbi c\u00e1c c\u1ea1nh m\u1ecbn, an to\u00e0n khi ch\u1ea1m v\u00e0o v\u00e0 s\u1eed d\u1ee5ng. Thi\u1ebft k\u1ebf n\u00e0y c\u0169ng t\u0103ng th\u00eam t\u00ednh th\u1ea9m m\u1ef9 t\u1ed5ng th\u1ec3.<\/div>\n<\/li>\n<\/ul>\n<\/li>\n<li>\n<div class=\"paragraph\"><strong>\u0110\u1ebf V\u1eefng Ch\u1eafc\u00a0<\/strong><\/div>\n<ul>\n<li>\n<div class=\"paragraph translation-block\"><strong>Secure Placement<\/strong>: The aquarium has a stable base that ensures it remains securely in place, even with water and decorations inside. This stability is crucial for maintaining a safe environment for your aquatic pets.<\/div>\n<\/li>\n<\/ul>\n<\/li>\n<\/ol>\n<hr \/>\n<h4 class=\"\"><strong class=\"\">Th\u00f4ng s\u1ed1 s\u1ea3n ph\u1ea9m\u00a0<\/strong><\/h4>\n<ul>\n<li>\n<div class=\"paragraph translation-block\"><strong class=\"\">Material<\/strong>: High-quality glass<\/div>\n<\/li>\n<li>\n<div class=\"paragraph translation-block\"><strong class=\"\">Process<\/strong>: High-temperature pressing<\/div>\n<\/li>\n<li>\n<div class=\"paragraph translation-block\"><strong class=\"\">Design<\/strong>: Luxurious minimalist<\/div>\n<\/li>\n<li>\n<div class=\"paragraph translation-block\"><strong>\u1ee8ng d\u1ee5ng<\/strong>: Gia \u0111\u00ecnh, v\u0103n ph\u00f2ng, kh\u00e1ch s\u1ea1n, c\u1eeda h\u00e0ng b\u00e1n l\u1ebb<\/div>\n<\/li>\n<li>\n<div class=\"paragraph translation-block\"><strong>\u0110\u1eb7c \u0111i\u1ec3m<\/strong>: Mi\u1ec7ng bo tr\u00f2n, \u0111\u1ebf ch\u1eafc ch\u1eafn, k\u00ednh trong su\u1ed1t v\u00e0 b\u1ec1n<\/div>\n<\/li>\n<\/ul>\n<hr \/>\n<h4 class=\"\"><strong class=\"\">L\u1ee3i \u00edch\u00a0<\/strong><\/h4>\n<ul>\n<li>\n<div class=\"paragraph translation-block\"><strong>\u0110\u1ed9 b\u1ec1n<\/strong>: Quy tr\u00ecnh \u00e9p nhi\u1ec7t \u0111\u1ed9 cao gi\u00fap k\u00ednh ch\u1eafc ch\u1eafn v\u00e0 b\u1ec1n l\u00e2u.<\/div>\n<\/li>\n<li>\n<div class=\"paragraph translation-block\"><strong>S\u1ee9c H\u1ea5p D\u1eabn Th\u1ea9m M\u1ef9<\/strong>: Thi\u1ebft k\u1ebf t\u1ed1i gi\u1ea3n sang tr\u1ecdng t\u1ea1o th\u00eam n\u00e9t thanh l\u1ecbch cho b\u1ea5t k\u1ef3 kh\u00f4ng gian n\u00e0o.<\/div>\n<\/li>\n<li>\n<div class=\"paragraph translation-block\"><strong>Safety<\/strong>: The rounded mouth and stable base ensure the aquarium is safe to use and handle.<\/div>\n<\/li>\n<li>\n<div class=\"paragraph translation-block\"><strong>\u0110a n\u0103ng<\/strong>: Ph\u00f9 h\u1ee3p v\u1edbi nhi\u1ec1u m\u1ee5c \u0111\u00edch s\u1eed d\u1ee5ng, l\u00e0 m\u1ed9t b\u1ed5 sung linh ho\u1ea1t cho m\u1ecdi kh\u00f4ng gian.<\/div>\n<\/li>\n<\/ul>","protected":false},"excerpt":{"rendered":"<p>Product Features High-Temperature Pressing Process\u00a0 Durability and Clarity: Utilizes a high-temperature pressing process to ensure the glass is both durable and highly transparent. This process enhances the clarity and longevity of the aquarium. Elegant Design\u00a0 Modern Aesthetics: Features a luxurious yet minimalist design, making it suitable for various settings such as homes, offices, hotels, and&#8230;<\/p>","protected":false},"featured_media":235,"template":"","meta":{"_kad_post_transparent":"default","_kad_post_title":"","_kad_post_layout":"default","_kad_post_sidebar_id":"","_kad_post_content_style":"default","_kad_post_vertical_padding":"default","_kad_post_feature":"","_kad_post_feature_position":"","_kad_post_header":false,"_kad_post_footer":false},"product_brand":[],"product_cat":[15],"product_tag":[],"class_list":{"0":"post-234","1":"product","2":"type-product","3":"status-publish","4":"has-post-thumbnail","6":"product_cat-betta-fish-tank","8":"first","9":"instock","10":"shipping-taxable","11":"product-type-simple","12":"entry","13":"content-bg","14":"loop-entry"},"jetpack_sharing_enabled":true,"_links":{"self":[{"href":"https:\/\/bfefishtank.com\/vi\/wp-json\/wp\/v2\/product\/234","targetHints":{"allow":["GET"]}}],"collection":[{"href":"https:\/\/bfefishtank.com\/vi\/wp-json\/wp\/v2\/product"}],"about":[{"href":"https:\/\/bfefishtank.com\/vi\/wp-json\/wp\/v2\/types\/product"}],"wp:featuredmedia":[{"embeddable":true,"href":"https:\/\/bfefishtank.com\/vi\/wp-json\/wp\/v2\/media\/235"}],"wp:attachment":[{"href":"https:\/\/bfefishtank.com\/vi\/wp-json\/wp\/v2\/media?parent=234"}],"wp:term":[{"taxonomy":"product_brand","embeddable":true,"href":"https:\/\/bfefishtank.com\/vi\/wp-json\/wp\/v2\/product_brand?post=234"},{"taxonomy":"product_cat","embeddable":true,"href":"https:\/\/bfefishtank.com\/vi\/wp-json\/wp\/v2\/product_cat?post=234"},{"taxonomy":"product_tag","embeddable":true,"href":"https:\/\/bfefishtank.com\/vi\/wp-json\/wp\/v2\/product_tag?post=234"}],"curies":[{"name":"wp","href":"https:\/\/api.w.org\/{rel}","templated":true}]}}