{"id":342,"date":"2025-03-22T22:38:27","date_gmt":"2025-03-22T14:38:27","guid":{"rendered":"https:\/\/bfefishtank.com\/?post_type=product&#038;p=342"},"modified":"2025-06-10T20:03:47","modified_gmt":"2025-06-10T12:03:47","slug":"co%e2%82%82-regulator","status":"publish","type":"product","link":"https:\/\/bfefishtank.com\/vi\/products\/fish-tank-aquarium-accessories\/co%e2%82%82-regulator\/","title":{"rendered":"B\u00ecnh \u0111i\u1ec1u \u00e1p CO\u2082"},"content":{"rendered":"<div class=\"product-info\" style=\"font-family: Arial, sans-serif; background-color: #f8f8f8; padding: 20px; border: 1px solid #ddd;\">\n<h2>\u0110i\u1ec1u \u00e1p CO\u2082 Cao c\u1ea5p \u2013 Ki\u1ec3m so\u00e1t \u00e1p su\u1ea5t th\u00f4ng minh v\u1edbi hai \u0111\u1ed3ng h\u1ed3<\/h2>\n<ul>\n<li class=\"translation-block\"><strong>H\u1ee3p kim nh\u00f4m c\u1ea5p h\u00e0ng kh\u00f4ng v\u0169 tr\u1ee5<\/strong> : Nh\u1eb9 nh\u01b0ng b\u1ec1n, ch\u1ed1ng \u0103n m\u00f2n v\u00e0 ch\u1ecbu \u00e1p su\u1ea5t cao cho hi\u1ec7u su\u1ea5t l\u00e2u d\u00e0i.<\/li>\n<li class=\"translation-block\"><strong>\u0110\u1ea7u ra \u00e1p su\u1ea5t h\u1eb1ng \u0111\u1ecbnh th\u00f4ng minh<\/strong> : C\u00f4ng ngh\u1ec7 c\u00e2n b\u1eb1ng t\u1ef1 \u0111\u1ed9ng \u0111\u1ea3m b\u1ea3o \u00e1p su\u1ea5t \u1ed5n \u0111\u1ecbnh, lo\u1ea1i b\u1ecf c\u00e1c \u0111i\u1ec1u ch\u1ec9nh th\u1ee7 c\u00f4ng th\u01b0\u1eddng xuy\u00ean.<\/li>\n<li class=\"translation-block\"><strong> : Thi\u1ebft k\u1ebf lu\u1ed3ng kh\u00f4ng kh\u00ed \u0111\u01b0\u1ee3c t\u1ed1i \u01b0u h\u00f3a cung c\u1ea5p c\u00e1c bong b\u00f3ng d\u00e0y \u0111\u1eb7c v\u00e0 \u0111\u1ed3ng \u0111\u1ec1u \u0111\u1ec3 t\u0103ng c\u01b0\u1eddng s\u1ef1 h\u00f2a tan c\u1ee7a kh\u00ed (th\u00edch h\u1ee3p cho vi\u1ec7c trang tr\u00ed th\u1ee7y sinh phong ph\u00fa ho\u1eb7c carbonation \u0111\u1ed3 u\u1ed1ng m\u1ecbn m\u00e0ng).<\/li>\n<li class=\"translation-block\"><strong> : \u0110\u1ed3ng h\u1ed3 \u0111o \u00e1p su\u1ea5t v\u00e0o v\u00e0 ra cung c\u1ea5p kh\u1ea3 n\u0103ng gi\u00e1m s\u00e1t th\u1eddi gian th\u1ef1c v\u1ec1 dung l\u01b0\u1ee3ng b\u00ecnh v\u00e0 tr\u1ea1ng th\u00e1i \u0111\u1ea7u ra cho m\u1ee5c \u0111\u00edch an to\u00e0n v\u00e0 ki\u1ec3m so\u00e1t.<\/li>\n<li class=\"translation-block\"><strong> : Giao di\u1ec7n CGA320 ph\u1ed5 th\u00f4ng v\u1edbi c\u00e1c k\u1ebft n\u1ed1i k\u1eb9p kh\u00f4ng c\u1ea7n d\u1ee5ng c\u1ee5 - c\u00e0i \u0111\u1eb7t d\u1ec5 d\u00e0ng ngay c\u1ea3 \u0111\u1ed1i v\u1edbi ng\u01b0\u1eddi m\u1edbi b\u1eaft \u0111\u1ea7u.<\/li>\n<\/ul>\n<hr \/>\n<h3>Ph\u00f9 h\u1ee3p cho:<\/h3>\n<ul>\n<li class=\"translation-block\">Trang tr\u00ed b\u1ec3 c\u00e1<\/li>\n<li class=\"translation-block\">S\u1ea3n xu\u1ea5t bia th\u1ee7 c\u00f4ng<\/li>\n<li class=\"translation-block\">H\u1ec7 th\u1ed1ng n\u01b0\u1edbc c\u00f3 gas<\/li>\n<li class=\"translation-block\">Ki\u1ec3m so\u00e1t kh\u00ed trong ph\u00f2ng th\u00ed nghi\u1ec7m<\/li>\n<\/ul>\n<hr \/>\n<h3><strong>T\u1ea1i Sao Ch\u1ecdn Ch\u00fang T\u00f4i?<\/strong> :<\/h3>\n<ul>\n<li class=\"translation-block\">\u2728 <strong>Quiet Operation<\/strong>: Internal damping structure reduces noise to below 40dB for peaceful environments.<\/li>\n<li class=\"translation-block\">Van b\u1ea3o v\u1ec7 qu\u00e1 \u00e1p t\u00edch h\u1ee3p t\u1ef1 \u0111\u1ed9ng \u0111\u00f3ng trong tr\u01b0\u1eddng h\u1ee3p kh\u1ea9n c\u1ea5p.<\/li>\n<li class=\"translation-block\">D\u1ea3i \u0111i\u1ec1u ch\u1ec9nh 0\u2013100 PSI h\u1ed7 tr\u1ee3 m\u1ecdi th\u1ee9, t\u1eeb bong b\u00f3ng vi trong b\u1ec3 c\u00e1 \u0111\u1ebfn s\u1ea3n xu\u1ea5t n\u01b0\u1edbc c\u00f3 ga nhanh.<\/li>\n<\/ul>\n<p class=\"translation-block\"><strong> T\u00f9y ch\u1ec9nh logo, bao b\u00ec ho\u1eb7c th\u00f4ng s\u1ed1 k\u1ef9 thu\u1eadt\u2014li\u00ean h\u1ec7 ch\u00fang t\u00f4i \u0111\u1ec3 nh\u1eadn b\u00e1o gi\u00e1 h\u00f4m nay!<\/p>\n<\/div>","protected":false},"excerpt":{"rendered":"<p>Premium CO\u2082 Regulator \u2013 Smart Pressure Control with Dual Gauges \u2705 Aerospace-Grade Aluminum Alloy: Lightweight yet durable, corrosion-resistant, and high-pressure tolerant for long-lasting performance. \u2705 Smart Constant Pressure Output: Auto-balancing technology ensures stable pressure, eliminating frequent manual adjustments. \u2705 Micro-Fine Bubble Dispersion: Optimized airflow design delivers dense, uniform bubbles for enhanced gas dissolution (ideal for&#8230;<\/p>","protected":false},"featured_media":343,"template":"","meta":{"_kad_post_transparent":"default","_kad_post_title":"","_kad_post_layout":"default","_kad_post_sidebar_id":"","_kad_post_content_style":"default","_kad_post_vertical_padding":"default","_kad_post_feature":"","_kad_post_feature_position":"","_kad_post_header":false,"_kad_post_footer":false},"product_brand":[],"product_cat":[41],"product_tag":[],"class_list":{"0":"post-342","1":"product","2":"type-product","3":"status-publish","4":"has-post-thumbnail","6":"product_cat-fish-tank-aquarium-accessories","8":"first","9":"instock","10":"shipping-taxable","11":"product-type-simple","12":"entry","13":"content-bg","14":"loop-entry"},"jetpack_sharing_enabled":true,"_links":{"self":[{"href":"https:\/\/bfefishtank.com\/vi\/wp-json\/wp\/v2\/product\/342","targetHints":{"allow":["GET"]}}],"collection":[{"href":"https:\/\/bfefishtank.com\/vi\/wp-json\/wp\/v2\/product"}],"about":[{"href":"https:\/\/bfefishtank.com\/vi\/wp-json\/wp\/v2\/types\/product"}],"wp:featuredmedia":[{"embeddable":true,"href":"https:\/\/bfefishtank.com\/vi\/wp-json\/wp\/v2\/media\/343"}],"wp:attachment":[{"href":"https:\/\/bfefishtank.com\/vi\/wp-json\/wp\/v2\/media?parent=342"}],"wp:term":[{"taxonomy":"product_brand","embeddable":true,"href":"https:\/\/bfefishtank.com\/vi\/wp-json\/wp\/v2\/product_brand?post=342"},{"taxonomy":"product_cat","embeddable":true,"href":"https:\/\/bfefishtank.com\/vi\/wp-json\/wp\/v2\/product_cat?post=342"},{"taxonomy":"product_tag","embeddable":true,"href":"https:\/\/bfefishtank.com\/vi\/wp-json\/wp\/v2\/product_tag?post=342"}],"curies":[{"name":"wp","href":"https:\/\/api.w.org\/{rel}","templated":true}]}}