{"id":345,"date":"2025-03-22T22:59:44","date_gmt":"2025-03-22T14:59:44","guid":{"rendered":"https:\/\/bfefishtank.com\/?post_type=product&#038;p=345"},"modified":"2025-06-08T18:23:03","modified_gmt":"2025-06-08T10:23:03","slug":"co%e2%82%82-metal-check-valve-with-bubble-counter","status":"publish","type":"product","link":"https:\/\/bfefishtank.com\/vi\/products\/fish-tank-aquarium-accessories\/co%e2%82%82-metal-check-valve-with-bubble-counter\/","title":{"rendered":"Kabarc\u0131k sayac\u0131 olan CO\u2082 metal \u00e7ek valfi"},"content":{"rendered":"<div class=\"product-highlights\" style=\"font-family: Arial, sans-serif; background-color: #f9f9f9; padding: 20px; border: 1px solid #ccc;\">\n<h2>B\u1ed9 \u0111\u1ebfm bong b\u00f3ng + van m\u1ed9t chi\u1ec1u CO\u2082 \u2013 Thi\u1ebft b\u1ecb hai ch\u1ee9c n\u0103ng c\u1ea5p c\u00f4ng nghi\u1ec7p<\/h2>\n<ul>\n<li class=\"translation-block\"><strong>K\u1ebft c\u1ea5u kim lo\u1ea1i c\u00f4ng nghi\u1ec7p<\/strong> : R\u00e8n t\u1eeb \u0111\u1ed3ng\/th\u00e9p kh\u00f4ng g\u1ec9 ch\u1ed1ng \u0103n m\u00f2n, \u0111\u1ea3m b\u1ea3o \u0111\u1ed9 b\u1ec1n v\u00e0 hi\u1ec7u su\u1ea5t kh\u00f4ng r\u00f2 r\u1ec9 trong h\u1ec7 th\u1ed1ng CO\u2082 \u00e1p su\u1ea5t cao.<\/li>\n<li class=\"translation-block\"><strong>Thi\u1ebft k\u1ebf \u0111a ch\u1ee9c n\u0103ng<\/strong> : K\u1ebft h\u1ee3p van m\u1ed9t chi\u1ec1u (ng\u0103n d\u00f2ng n\u01b0\u1edbc\/kh\u00ed ng\u01b0\u1ee3c) v\u00e0 b\u1ed9 \u0111\u1ebfm b\u1ecdt kh\u00ed (hi\u1ec3n th\u1ecb l\u01b0u l\u01b0\u1ee3ng CO\u2082) trong m\u1ed9t \u0111\u01a1n v\u1ecb nh\u1ecf g\u1ecdn.<\/li>\n<li class=\"translation-block\"><strong>Bu\u1ed3ng \u0111\u1ebfm b\u1ecdt kh\u00ed trong su\u1ed1t<\/strong> : Bu\u1ed3ng acrylic \u0111\u1ed9 trong cao v\u1edbi thang \u0111o ch\u00ednh x\u00e1c \u0111\u1ec3 \u0111\u1ebfm b\u1ecdt kh\u00ed ch\u00ednh x\u00e1c (\u0111i\u1ec1u ch\u1ec9nh 1-5 b\u1ecdt\/gi\u00e2y), l\u00fd t\u01b0\u1edfng \u0111\u1ec3 t\u1ed1i \u01b0u h\u00f3a s\u1ef1 ph\u00e1t tri\u1ec3n c\u1ee7a c\u00e2y th\u1ee7y sinh.<\/li>\n<li class=\"translation-block\"><strong>Giao di\u1ec7n xoay 360\u00b0<\/strong> : L\u1eafp \u0111\u1eb7t linh ho\u1ea1t v\u1edbi hai ph\u1ee5 ki\u1ec7n CGA 6mm (1\/4\u2033); ph\u00f9 h\u1ee3p v\u1edbi \u1ed1ng t\u1eeb 4mm \u0111\u1ebfn 8mm, t\u01b0\u01a1ng th\u00edch v\u1edbi h\u1ea7u h\u1ebft b\u1ed9 \u0111i\u1ec1u ch\u1ec9nh v\u00e0 khu\u1ebfch t\u00e1n CO\u2082.<\/li>\n<li class=\"translation-block\"><strong>V\u1eadn h\u00e0nh kh\u00f4ng c\u1ea7n b\u1ea3o tr\u00ec<\/strong> : Thi\u1ebft k\u1ebf van kim t\u1ef1 l\u00e0m s\u1ea1ch ch\u1ed1ng t\u1eafc ngh\u1ebdn do t\u1ea3o ho\u1eb7c c\u1eb7n kho\u00e1ng, \u0111\u1ea3m b\u1ea3o \u0111\u1ed9 tin c\u1eady l\u00e2u d\u00e0i.<\/li>\n<\/ul>\n<hr \/>\n<h3>Ph\u00f9 h\u1ee3p cho:<\/h3>\n<ul>\n<li class=\"translation-block\"><strong>Ng\u01b0\u1eddi \u0111am m\u00ea th\u1ee7y sinh<\/strong> : Ng\u0103n n\u01b0\u1edbc h\u00fat ng\u01b0\u1ee3c v\u00e0o b\u1ed9 \u0111i\u1ec1u \u00e1p trong khi theo d\u00f5i li\u1ec1u l\u01b0\u1ee3ng CO\u2082 cho c\u00e2y th\u1ee7y sinh t\u01b0\u01a1i t\u1ed1t.<\/li>\n<li class=\"translation-block\">\ud83c\udf7a <strong>Home Brewers<\/strong>: Safeguard carbonation systems from liquid backflow during kegging or soda-making.<\/li>\n<li class=\"translation-block\">D\u1ef1 \u00c1n Kh\u00ed DIY<\/strong> : Thi\u1ebft y\u1ebfu cho th\u1ee7y canh, b\u1ec3 nu\u00f4i b\u00f2 s\u00e1t ho\u1eb7c thi\u1ebft l\u1eadp khoa h\u1ecdc y\u00eau c\u1ea7u ki\u1ec3m so\u00e1t kh\u00ed ch\u00ednh x\u00e1c.<\/li>\n<\/ul>\n<hr \/>\n<h3><strong>T\u1ea1i Sao Ch\u1ecdn Ch\u00fang T\u00f4i?<\/strong> :<\/h3>\n<ul>\n<li class=\"translation-block\"><strong>\u0110\u1ea3m b\u1ea3o an to\u00e0n<\/strong>: Th\u00e2n kim lo\u1ea1i ch\u1eafc ch\u1eafn ch\u1ecbu \u0111\u01b0\u1ee3c \u00e1p su\u1ea5t 200 PSI, v\u01b0\u1ee3t tr\u1ed9i h\u01a1n h\u1eb3n so v\u1edbi c\u00e1c lo\u1ea1i nh\u1ef1a d\u1ec5 n\u1ee9t v\u1ee1.<\/li>\n<li class=\"translation-block\"><strong>\u0110\u1ecdc ngay l\u1eadp t\u1ee9c<\/strong>: D\u1ea5u hi\u1ec7u \u0111\u1ebfm bong b\u00f3ng ph\u00e1t s\u00e1ng trong b\u00f3ng t\u1ed1i \u0111\u1ec3 gi\u00e1m s\u00e1t d\u1ec5 d\u00e0ng trong b\u1ec3 thi\u1ebfu s\u00e1ng.<\/li>\n<li class=\"translation-block\"><strong>\u0110i\u1ec1u ch\u1ec9nh kh\u00f4ng c\u1ea7n d\u1ee5ng c\u1ee5<\/strong>: \u0110i\u1ec1u ch\u1ec9nh l\u01b0u l\u01b0\u1ee3ng m\u1ed9t c\u00e1ch tr\u01a1n tru v\u1edbi n\u00fam v\u1eb7n c\u00f3 r\u00e3nh \u2013 kh\u00f4ng c\u1ea7n tua v\u00edt!<\/li>\n<\/ul>\n<p class=\"translation-block\"><strong>C\u00f3 s\u1eb5n cho c\u00e1c \u0111\u01a1n \u0111\u1eb7t h\u00e0ng OEM v\u00e0 s\u1ec9<\/strong>. Li\u00ean h\u1ec7 v\u1edbi ch\u00fang t\u00f4i ngay b\u00e2y gi\u1edd \u0111\u1ec3 bi\u1ebft v\u1ec1 th\u01b0\u01a1ng hi\u1ec7u t\u00f9y ch\u1ec9nh ho\u1eb7c gi\u00e1 s\u1ec9.<\/p>\n<\/div>","protected":false},"excerpt":{"rendered":"<p>CO\u2082 Bubble Counter + Check Valve \u2013 Industrial Grade Dual-Function Unit \u2705 Industrial-Grade Metal Construction: Forged from corrosion-resistant brass\/stainless steel, ensuring durability and leak-free performance in high-pressure CO\u2082 systems. \u2705 Dual-Function Design: Combines a check valve (prevents water\/gas backflow) and a bubble counter (visualizes CO\u2082 flow rate) in one compact unit. \u2705 Crystal-Clear Bubble Chamber:&#8230;<\/p>","protected":false},"featured_media":346,"template":"","meta":{"_kad_post_transparent":"default","_kad_post_title":"","_kad_post_layout":"default","_kad_post_sidebar_id":"","_kad_post_content_style":"default","_kad_post_vertical_padding":"default","_kad_post_feature":"","_kad_post_feature_position":"","_kad_post_header":false,"_kad_post_footer":false},"product_brand":[],"product_cat":[41],"product_tag":[51],"class_list":{"0":"post-345","1":"product","2":"type-product","3":"status-publish","4":"has-post-thumbnail","6":"product_cat-fish-tank-aquarium-accessories","7":"product_tag-co-metal-check-valve-with-bubble-counter","9":"first","10":"instock","11":"shipping-taxable","12":"product-type-simple","13":"entry","14":"content-bg","15":"loop-entry"},"jetpack_sharing_enabled":true,"_links":{"self":[{"href":"https:\/\/bfefishtank.com\/vi\/wp-json\/wp\/v2\/product\/345","targetHints":{"allow":["GET"]}}],"collection":[{"href":"https:\/\/bfefishtank.com\/vi\/wp-json\/wp\/v2\/product"}],"about":[{"href":"https:\/\/bfefishtank.com\/vi\/wp-json\/wp\/v2\/types\/product"}],"wp:featuredmedia":[{"embeddable":true,"href":"https:\/\/bfefishtank.com\/vi\/wp-json\/wp\/v2\/media\/346"}],"wp:attachment":[{"href":"https:\/\/bfefishtank.com\/vi\/wp-json\/wp\/v2\/media?parent=345"}],"wp:term":[{"taxonomy":"product_brand","embeddable":true,"href":"https:\/\/bfefishtank.com\/vi\/wp-json\/wp\/v2\/product_brand?post=345"},{"taxonomy":"product_cat","embeddable":true,"href":"https:\/\/bfefishtank.com\/vi\/wp-json\/wp\/v2\/product_cat?post=345"},{"taxonomy":"product_tag","embeddable":true,"href":"https:\/\/bfefishtank.com\/vi\/wp-json\/wp\/v2\/product_tag?post=345"}],"curies":[{"name":"wp","href":"https:\/\/api.w.org\/{rel}","templated":true}]}}