{"id":444,"date":"2025-04-23T21:56:46","date_gmt":"2025-04-23T13:56:46","guid":{"rendered":"https:\/\/bfefishtank.com\/?post_type=product&#038;p=444"},"modified":"2025-04-23T21:56:47","modified_gmt":"2025-04-23T13:56:47","slug":"10-gallon-fish-tank","status":"publish","type":"product","link":"https:\/\/bfefishtank.com\/vi\/products\/betta-fish-tank\/10-gallon-fish-tank\/","title":{"rendered":"B\u1ec3 c\u00e1 10 gallon"},"content":{"rendered":"<p class=\"\" data-start=\"69\" data-end=\"409\">\u3010\u0110i\u1ec1u Khi\u1ec3n \u0110\u00e8n H\u1eb9n Gi\u1edd Th\u00f4ng Minh\u3011\nB\u1ec3 c\u00e1 hi\u1ec7n \u0111\u1ea1i n\u00e0y c\u00f3 b\u1ea3ng \u0111i\u1ec1u khi\u1ec3n th\u00f4ng minh d\u1ec5 s\u1eed d\u1ee5ng cho ph\u00e9p b\u1ea1n c\u00e0i \u0111\u1eb7t l\u1ecbch chi\u1ebfu s\u00e1ng t\u1ef1 \u0111\u1ed9ng. \u0110\u00e8n LED s\u1ebd t\u1ef1 \u0111\u1ed9ng b\u1eadt v\u00e0 t\u1eaft theo th\u1eddi gian b\u1ea1n \u0111\u00e3 \u0111\u1eb7t \u2014 kh\u00f4ng c\u1ea7n b\u1eadt\/t\u1eaft th\u1ee7 c\u00f4ng n\u1eefa! Ho\u00e0n h\u1ea3o cho ng\u01b0\u1eddi m\u1edbi b\u1eaft \u0111\u1ea7u v\u00e0 ng\u01b0\u1eddi nu\u00f4i c\u00e1 b\u1eadn r\u1ed9n.<br data-start=\"101\" data-end=\"104\" \/>This modern fish tank features a user-friendly smart control panel that lets you set automatic lighting schedules. The LED lights will turn on and off at your preset times\u2014no more manual switching! Perfect for beginners and busy fishkeepers, this intelligent feature makes daily care easy and stress-free.<\/p>\n<p class=\"\" data-start=\"411\" data-end=\"747\">\u3010H\u1ec7 Th\u1ed1ng \u0110\u00e8n LED 7 M\u00e0u\u3011\nT\u1ea1o kh\u00f4ng gian l\u00fd t\u01b0\u1edfng v\u1edbi b\u1ea3y t\u00f9y ch\u1ecdn m\u00e0u LED r\u1ef1c r\u1ee1. D\u00f9 b\u1ea1n mu\u1ed1n \u00e1nh s\u00e1ng d\u1ecbu nh\u1eb9 ban \u0111\u00eam hay kh\u00f4ng kh\u00ed vui t\u01b0\u01a1i ban ng\u00e0y, b\u1ea1n c\u00f3 th\u1ec3 d\u1ec5 d\u00e0ng chuy\u1ec3n \u0111\u1ed5i m\u00e0u s\u1eafc ph\u00f9 h\u1ee3p v\u1edbi t\u00e2m tr\u1ea1ng ho\u1eb7c phong c\u00e1ch trang tr\u00ed. Ho\u00e0n h\u1ea3o cho b\u1ec3 c\u00e1 betta c\u00f3 l\u1ecdc v\u00e0 \u0111\u00e8n, gi\u00fap kh\u00f4ng gian th\u00eam n\u1ed5i b\u1eadt.<br data-start=\"442\" data-end=\"445\" \/>Create the perfect atmosphere with seven vibrant LED color options. Whether you&#8217;re setting a calming nighttime glow or a cheerful daytime vibe, you can switch colors to suit your mood or d\u00e9cor. Ideal for a <strong data-start=\"651\" data-end=\"692\">betta fish tank with filter and light<\/strong>, this setup adds stunning visual appeal to your space.<\/p>\n<p class=\"\" data-start=\"749\" data-end=\"1098\">\u3010\u0110\u1ed9 S\u00e1ng C\u00f3 Th\u1ec3 \u0110i\u1ec1u Ch\u1ec9nh \u0111\u1ec3 T\u1ea1o S\u1ef1 Tho\u1ea3i M\u00e1i &amp; Phong C\u00e1ch\u3011\nB\u1ea1n kh\u00f4ng ch\u1ec9 c\u00f3 th\u1ec3 thay \u0111\u1ed5i m\u00e0u LED m\u00e0 c\u00f2n \u0111i\u1ec1u ch\u1ec9nh \u0111\u1ed9 s\u00e1ng theo th\u1eddi gian trong ng\u00e0y. Gi\u1ea3m \u0111\u1ed9 s\u00e1ng v\u00e0o ban \u0111\u00eam \u0111\u1ec3 c\u00e1 c\u1ea3m th\u1ea5y d\u1ec5 ch\u1ecbu, ho\u1eb7c t\u0103ng \u0111\u1ed9 s\u00e1ng v\u00e0o ban ng\u00e0y \u0111\u1ec3 th\u01b0\u1edfng th\u1ee9c v\u1ebb \u0111\u1eb9p c\u1ee7a b\u1ec3 c\u00e1. T\u00ednh n\u0103ng th\u00f4ng minh cho m\u1ecdi b\u1ec3 c\u00e1 nh\u1ecf c\u00f3 b\u1ed9 l\u1ecdc v\u00e0 \u0111\u00e8n.<br data-start=\"794\" data-end=\"797\" \/>Not only can you change the LED colors, but you can also adjust the brightness to match the time of day. Dim the lights at night for your fish&#8217;s comfort, or brighten the display during the day for maximum viewing enjoyment. A thoughtful feature for any <strong data-start=\"1050\" data-end=\"1091\">small fish tank with filter and light<\/strong> setup.<\/p>\n<p class=\"\" data-start=\"1100\" data-end=\"1418\">\u3010Tr\u1ea3i nghi\u1ec7m Quan s\u00e1t Trong su\u1ed1t nh\u01b0 Pha l\u00ea\u3011\n\u0110\u01b0\u1ee3c ch\u1ebf t\u1ea1o t\u1eeb k\u00ednh si\u00eau trong \u0111\u1ed9 n\u00e9t cao, b\u1ec3 c\u00e1 n\u00e0y mang l\u1ea1i t\u1ea7m nh\u00ecn s\u1eafc n\u00e9t v\u00e0 g\u00f3c nh\u00ecn to\u00e0n c\u1ea3nh tuy\u1ec7t \u0111\u1eb9p v\u1ec1 th\u1ebf gi\u1edbi d\u01b0\u1edbi n\u01b0\u1edbc c\u1ee7a b\u1ea1n. D\u00f9 b\u1ea1n nu\u00f4i m\u1ed9t con c\u00e1 v\u00e0ng hay t\u1ea1o m\u1ed9t b\u1ed1 c\u1ee5c nhi\u1ec1u m\u00e0u s\u1eafc, b\u1ea1n s\u1ebd nh\u00ecn th\u1ea5y t\u1eebng chi ti\u1ebft r\u00f5 r\u00e0ng c\u1ea3 ng\u00e0y l\u1eabn \u0111\u00eam.<br data-start=\"1136\" data-end=\"1139\" \/>Crafted from high-definition, ultra-clear glass, this aquarium delivers sharp visibility and a beautiful panoramic view of your underwater world. Whether you&#8217;re showcasing a single goldfish or creating a colorful <strong data-start=\"1352\" data-end=\"1370\">cool fish tank<\/strong> layout, you&#8217;ll enjoy every detail\u2014day or night.<\/p>\n<p class=\"\" data-start=\"1420\" data-end=\"1778\">\u3010H\u1ec7 th\u1ed1ng l\u1ecdc &amp; cung c\u1ea5p oxy d\u1ea1ng m\u01b0a t\u00edch h\u1ee3p\u3011\n\u0110\u01b0\u1ee3c trang b\u1ecb b\u1ed9 l\u1ecdc d\u1ea1ng m\u01b0a m\u1ea1nh m\u1ebd t\u00edch h\u1ee3p ch\u1ee9c n\u0103ng l\u1ecdc, tu\u1ea7n ho\u00e0n v\u00e0 cung c\u1ea5p oxy, h\u1ec7 th\u1ed1ng n\u00e0y gi\u00fap gi\u1eef n\u01b0\u1edbc s\u1ea1ch v\u00e0 c\u00e1 lu\u00f4n kh\u1ecfe m\u1ea1nh. Thi\u1ebft k\u1ebf \u0111\u01a1n gi\u1ea3n, hi\u1ec7u qu\u1ea3 \u2013 l\u00fd t\u01b0\u1edfng cho b\u1ec3 c\u00e1 betta ho\u1eb7c b\u1ec3 nh\u1ecf, d\u1ec5 ch\u0103m s\u00f3c.<br data-start=\"1475\" data-end=\"1478\" \/>Equipped with a powerful rain shower filter that integrates <strong data-start=\"1538\" data-end=\"1588\">filtration, water circulation, and oxygenation<\/strong>, this system keeps your water clean and your fish happy. Designed for simplicity and efficiency, it\u2019s the perfect low-maintenance solution for a <strong data-start=\"1734\" data-end=\"1753\">betta fish tank<\/strong> or small aquarium setup.<\/p>","protected":false},"excerpt":{"rendered":"<p>\ud83d\udc20\u3010Smart Timed Lighting Control\u3011This modern fish tank features a user-friendly smart control panel that lets you set automatic lighting schedules. The LED lights will turn on and off at your preset times\u2014no more manual switching! Perfect for beginners and busy fishkeepers, this intelligent feature makes daily care easy and stress-free. \ud83c\udf08\u30107-Color LED Lighting System\u3011Create the&#8230;<\/p>","protected":false},"featured_media":445,"template":"","meta":{"_kad_post_transparent":"default","_kad_post_title":"","_kad_post_layout":"default","_kad_post_sidebar_id":"","_kad_post_content_style":"default","_kad_post_vertical_padding":"default","_kad_post_feature":"","_kad_post_feature_position":"","_kad_post_header":false,"_kad_post_footer":false},"product_brand":[],"product_cat":[15],"product_tag":[],"class_list":{"0":"post-444","1":"product","2":"type-product","3":"status-publish","4":"has-post-thumbnail","6":"product_cat-betta-fish-tank","8":"first","9":"instock","10":"shipping-taxable","11":"product-type-simple","12":"entry","13":"content-bg","14":"loop-entry"},"jetpack_sharing_enabled":true,"_links":{"self":[{"href":"https:\/\/bfefishtank.com\/vi\/wp-json\/wp\/v2\/product\/444","targetHints":{"allow":["GET"]}}],"collection":[{"href":"https:\/\/bfefishtank.com\/vi\/wp-json\/wp\/v2\/product"}],"about":[{"href":"https:\/\/bfefishtank.com\/vi\/wp-json\/wp\/v2\/types\/product"}],"wp:featuredmedia":[{"embeddable":true,"href":"https:\/\/bfefishtank.com\/vi\/wp-json\/wp\/v2\/media\/445"}],"wp:attachment":[{"href":"https:\/\/bfefishtank.com\/vi\/wp-json\/wp\/v2\/media?parent=444"}],"wp:term":[{"taxonomy":"product_brand","embeddable":true,"href":"https:\/\/bfefishtank.com\/vi\/wp-json\/wp\/v2\/product_brand?post=444"},{"taxonomy":"product_cat","embeddable":true,"href":"https:\/\/bfefishtank.com\/vi\/wp-json\/wp\/v2\/product_cat?post=444"},{"taxonomy":"product_tag","embeddable":true,"href":"https:\/\/bfefishtank.com\/vi\/wp-json\/wp\/v2\/product_tag?post=444"}],"curies":[{"name":"wp","href":"https:\/\/api.w.org\/{rel}","templated":true}]}}