{"id":490,"date":"2025-05-01T17:45:55","date_gmt":"2025-05-01T09:45:55","guid":{"rendered":"https:\/\/bfefishtank.com\/?post_type=product&#038;p=490"},"modified":"2025-06-07T09:15:43","modified_gmt":"2025-06-07T01:15:43","slug":"aquarium-heater","status":"publish","type":"product","link":"https:\/\/bfefishtank.com\/vi\/products\/fish-tank-aquarium-accessories\/aquarium-heater\/","title":{"rendered":"M\u00e1y s\u01b0\u1edfi cho b\u1ec3 c\u00e1"},"content":{"rendered":"<h2>M\u00e1y s\u01b0\u1edfi h\u1ed3 c\u00e1 c\u00f3 th\u1ec3 \u0111i\u1ec1u ch\u1ec9nh \u2013 Gi\u1eef c\u00e1 c\u1ee7a b\u1ea1n an to\u00e0n v\u00e0 kh\u1ecfe m\u1ea1nh<\/h2>\n<p class=\"translation-block\">Maintaining the right water temperature is vital for a stable and healthy aquarium. If you\u2019re facing temperature fluctuations, sick fish, or low fish activity, your heater might not be up to the task. That\u2019s where the <strong>BFE Submersible Adjustable Aquarium Heater<\/strong> comes in\u2014a reliable solution for tropical fish and aquarists.<\/p>\n<h3>V\u1ea5n \u0111\u1ec1: Nhi\u1ec7t \u0111\u1ed9 n\u01b0\u1edbc kh\u00f4ng \u1ed5n \u0111\u1ecbnh<\/h3>\n<p>Nhi\u1ec1u lo\u00e0i c\u00e1 c\u1ea7n m\u1ed9t ph\u1ea1m vi nhi\u1ec7t \u0111\u1ed9 c\u1ee5 th\u1ec3 \u0111\u1ec3 ph\u00e1t tri\u1ec3n. N\u1ebfu kh\u00f4ng c\u00f3 m\u00e1y s\u01b0\u1edfi b\u1ec3 c\u00e1 \u0111\u00e1ng tin c\u1eady, nhi\u1ec7t \u0111\u1ed9 c\u00f3 th\u1ec3 dao \u0111\u1ed9ng, d\u1eabn \u0111\u1ebfn c\u0103ng th\u1eb3ng, c\u00e1c v\u1ea5n \u0111\u1ec1 mi\u1ec5n d\u1ecbch ho\u1eb7c th\u1eadm ch\u00ed l\u00e0 ch\u1ebft c\u00e1.<\/p>\n<h3>Gi\u1ea3i ph\u00e1p: M\u00e1y s\u01b0\u1edfi b\u1ec3 c\u00e1 BFE c\u00f3 th\u1ec3 \u0111i\u1ec1u ch\u1ec9nh<\/h3>\n<p class=\"translation-block\"><strong>M\u00e1y s\u01b0\u1edfi b\u1ec3 c\u00e1 ng\u00e2m<\/strong> c\u1ee7a ch\u00fang t\u00f4i \u0111\u01b0\u1ee3c thi\u1ebft k\u1ebf \u0111\u1ec3 <strong>ki\u1ec3m so\u00e1t nhi\u1ec7t \u0111\u1ed9 t\u1ed1i \u01b0u<\/strong> v\u00e0 <strong>an to\u00e0n cho c\u00e1<\/strong>. \u0110\u00e2y l\u00e0 l\u00fd do t\u1ea1i sao n\u00f3 n\u1ed5i b\u1eadt<\/p>\n<ul>\n<li class=\"translation-block\"><strong>\u2705 Ki\u1ec3m so\u00e1t nhi\u1ec7t \u0111\u1ed9 ch\u00ednh x\u00e1c<\/strong> \u2013 \u0110i\u1ec1u ch\u1ec9nh v\u00e0 duy tr\u00ec nhi\u1ec7t \u0111\u1ed9 \u1ed5n \u0111\u1ecbnh m\u1ed9t c\u00e1ch ch\u00ednh x\u00e1c.<\/li>\n<li class=\"translation-block\"><strong>\u2705 Ho\u00e0n to\u00e0n ng\u00e2m n\u01b0\u1edbc v\u00e0 an to\u00e0n<\/strong> \u2013 \u0110\u01b0\u1ee3c l\u00e0m t\u1eeb th\u1ee7y tinh th\u1ea1ch anh ch\u1ed1ng n\u1ed5, ph\u00f9 h\u1ee3p v\u1edbi c\u1ea3 b\u1ec3 c\u00e1 n\u01b0\u1edbc ng\u1ecdt v\u00e0 n\u01b0\u1edbc m\u1eb7n.<\/li>\n<li class=\"translation-block\"><strong>\u2705 Nh\u1ecf g\u1ecdn nh\u01b0ng m\u1ea1nh m\u1ebd<\/strong> \u2013 Ho\u1ea1t \u0111\u1ed9ng cho b\u1ec3 c\u00e1 t\u1eeb 5 \u0111\u1ebfn 30 gallon, l\u00fd t\u01b0\u1edfng cho c\u1ea3 b\u1ec3 c\u00e1 nh\u1ecf v\u00e0 v\u1eeba.<\/li>\n<li class=\"translation-block\"><strong>\u2705 L\u1eafp \u0111\u1eb7t d\u1ec5 d\u00e0ng<\/strong> \u2013 \u0110\u01b0\u1ee3c trang b\u1ecb c\u1ed1c h\u00fat \u0111\u1ec3 l\u1eafp \u0111\u1eb7t theo chi\u1ec1u d\u1ecdc ho\u1eb7c chi\u1ec1u ngang.<\/li>\n<li class=\"translation-block\"><strong>\u2705 \u0110\u00e8n b\u00e1o LED<\/strong> \u2013 Ch\u1ec9 r\u00f5 tr\u1ea1ng th\u00e1i ho\u1ea1t \u0111\u1ed9ng c\u1ee7a m\u00e1y s\u01b0\u1edfi<\/li>\n<\/ul>\n<h3>Ho\u00e0n h\u1ea3o cho:<\/h3>\n<ul>\n<li><strong>B\u1ec3 c\u00e1 nhi\u1ec7t \u0111\u1edbi<\/strong><\/li>\n<li><strong>B\u1ec3 c\u00e1 betta<\/strong><\/li>\n<li><strong>B\u1ec3 c\u00e1 n\u01b0\u1edbc ng\u1ecdt v\u00e0 n\u01b0\u1edbc m\u1eb7n<\/strong><\/li>\n<li><strong>K\u00edch th\u01b0\u1edbc b\u1ec3 c\u00e1 t\u1eeb 5 \u0111\u1ebfn 30 gallon<\/strong><\/li>\n<li><strong>Ng\u01b0\u1eddi nu\u00f4i c\u00e1 m\u1edbi b\u1eaft \u0111\u1ea7u v\u00e0 c\u00f3 kinh nghi\u1ec7m<\/strong><\/li>\n<\/ul>\n<h3>T\u1ea1i sao ch\u1ecdn b\u1ed9 l\u00e0m n\u00f3ng b\u1ec3 c\u00e1 n\u00e0y?<\/h3>\n<p class=\"translation-block\">M\u1ed9t <strong>m\u00e1y s\u01b0\u1edfi h\u1ed3 c\u00e1<\/strong> t\u1ed1t l\u00e0 y\u1ebfu t\u1ed1 quan tr\u1ecdng \u0111\u1ec3 c\u00f3 m\u1ed9t m\u00f4i tr\u01b0\u1eddng h\u1ed3 c\u00e1 kh\u1ecfe m\u1ea1nh. <strong>M\u00e1y s\u01b0\u1edfi h\u1ed3 c\u00e1 \u0111i\u1ec1u ch\u1ec9nh BFE<\/strong> cung c\u1ea5p nhi\u1ec7t \u0111\u1ed9 \u1ed5n \u0111\u1ecbnh v\u00e0 an to\u00e0n, \u0111\u01b0\u1ee3c tin c\u1eady b\u1edfi c\u1ea3 <strong>ng\u01b0\u1eddi mua bu\u00f4n<\/strong> v\u00e0 <strong>nh\u00e0 b\u00e1n l\u1ebb<\/strong>. \u0110\u00e2y l\u00e0 m\u1ed9t kho\u1ea3n \u0111\u1ea7u t\u01b0 quan tr\u1ecdng \u0111\u1ec3 gi\u1eef cho c\u00e1 c\u1ee7a b\u1ea1n an to\u00e0n v\u00e0 h\u1ed3 c\u00e1 c\u1ee7a b\u1ea1n lu\u00f4n \u1edf trong t\u00ecnh tr\u1ea1ng t\u1ed1t nh\u1ea5t.<\/p>\n<p class=\"translation-block\">N\u1ebfu b\u1ea1n s\u1eb5n s\u00e0ng c\u1ea3i thi\u1ec7n m\u00f4i tr\u01b0\u1eddng b\u1ec3 c\u00e1 c\u1ee7a m\u00ecnh v\u1edbi m\u1ed9t m\u00e1y s\u01b0\u1edfi hi\u1ec7u su\u1ea5t cao, <strong><a href=\"https:\/\/bfefishtank.com\/vi\/contact\/\" target=\"_blank\" rel=\"nofollow noopener\">li\u00ean h\u1ec7 v\u1edbi ch\u00fang t\u00f4i \u0111\u1ec3 nh\u1eadn b\u00e1o gi\u00e1<\/a><\/strong>.<\/p>","protected":false},"excerpt":{"rendered":"<p>Adjustable Submersible Aquarium Heater \u2013 Keep Your Fish Safe &amp; Healthy Maintaining the right water temperature is vital for a stable and healthy aquarium. If you&#8217;re facing temperature fluctuations, sick fish, or low fish activity, your heater might not be up to the task. That\u2019s where the BFE Submersible Adjustable Aquarium Heater comes in\u2014a reliable&#8230;<\/p>","protected":false},"featured_media":491,"template":"","meta":{"_kad_post_transparent":"default","_kad_post_title":"","_kad_post_layout":"default","_kad_post_sidebar_id":"","_kad_post_content_style":"default","_kad_post_vertical_padding":"default","_kad_post_feature":"","_kad_post_feature_position":"","_kad_post_header":false,"_kad_post_footer":false},"product_brand":[],"product_cat":[41],"product_tag":[155],"class_list":{"0":"post-490","1":"product","2":"type-product","3":"status-publish","4":"has-post-thumbnail","6":"product_cat-fish-tank-aquarium-accessories","7":"product_tag-aquarium-heater","9":"first","10":"instock","11":"shipping-taxable","12":"product-type-simple","13":"entry","14":"content-bg","15":"loop-entry"},"jetpack_sharing_enabled":true,"_links":{"self":[{"href":"https:\/\/bfefishtank.com\/vi\/wp-json\/wp\/v2\/product\/490","targetHints":{"allow":["GET"]}}],"collection":[{"href":"https:\/\/bfefishtank.com\/vi\/wp-json\/wp\/v2\/product"}],"about":[{"href":"https:\/\/bfefishtank.com\/vi\/wp-json\/wp\/v2\/types\/product"}],"wp:featuredmedia":[{"embeddable":true,"href":"https:\/\/bfefishtank.com\/vi\/wp-json\/wp\/v2\/media\/491"}],"wp:attachment":[{"href":"https:\/\/bfefishtank.com\/vi\/wp-json\/wp\/v2\/media?parent=490"}],"wp:term":[{"taxonomy":"product_brand","embeddable":true,"href":"https:\/\/bfefishtank.com\/vi\/wp-json\/wp\/v2\/product_brand?post=490"},{"taxonomy":"product_cat","embeddable":true,"href":"https:\/\/bfefishtank.com\/vi\/wp-json\/wp\/v2\/product_cat?post=490"},{"taxonomy":"product_tag","embeddable":true,"href":"https:\/\/bfefishtank.com\/vi\/wp-json\/wp\/v2\/product_tag?post=490"}],"curies":[{"name":"wp","href":"https:\/\/api.w.org\/{rel}","templated":true}]}}