{"id":506,"date":"2025-05-02T17:41:30","date_gmt":"2025-05-02T09:41:30","guid":{"rendered":"https:\/\/bfefishtank.com\/?post_type=product&#038;p=506"},"modified":"2025-06-01T19:59:01","modified_gmt":"2025-06-01T11:59:01","slug":"75-gallon-aquarium-stand","status":"publish","type":"product","link":"https:\/\/bfefishtank.com\/vi\/products\/fish-tank-aquarium-accessories\/75-gallon-aquarium-stand\/","title":{"rendered":"Gi\u00e1 \u0111\u1ee1 b\u1ec3 c\u00e1 75 gallon"},"content":{"rendered":"<h1>Gi\u00e1 \u0111\u1ee1 b\u1ec3 c\u00e1 75 gallon \u2013 T\u1ee7 kim lo\u1ea1i hai l\u1edbp ch\u1ecbu l\u1ef1c<\/h1>\n<p class=\"translation-block\"><strong>B\u1ea1n \u0111ang t\u00ecm m\u1ed9t gi\u00e1 \u0111\u1ee1 b\u1ec3 c\u00e1 75 gallon v\u1eeba b\u1ec1n v\u1eeba \u0111\u1eb9p?<\/strong> T\u1ee7 hai t\u1ea7ng n\u00e0y c\u00f3 th\u1ec3 ch\u1ecbu l\u1ef1c \u0111\u1ebfn 385\u202fkg, ph\u00f9 h\u1ee3p cho <strong>b\u1ec3 c\u00e1 75 gallon<\/strong>, b\u1ec3 b\u00f2 s\u00e1t, ho\u1eb7c b\u1ec3 tr\u01b0ng b\u00e0y. D\u00f9 b\u1ea1n d\u00f9ng t\u1ea1i nh\u00e0, c\u1eeda h\u00e0ng th\u00fa c\u01b0ng hay thi\u1ebft l\u1eadp ph\u00f2ng c\u00e1 th\u01b0\u01a1ng m\u1ea1i \u2013 chi\u1ebfc <strong>gi\u00e1 \u0111\u1ee1 b\u1ec3 c\u00e1<\/strong> n\u00e0y v\u1eeba ti\u1ec7n d\u1ee5ng l\u1ea1i c\u00f3 l\u1edbp ph\u1ee7 \u0111en sang tr\u1ecdng.<\/p>\n<h2>Th\u00f4ng s\u1ed1 s\u1ea3n ph\u1ea9m<\/h2>\n<table>\n<tbody>\n<tr>\n<td><strong>Dung t\u00edch<\/strong><\/td>\n<td>75 gallon ph\u00eda tr\u00ean + 20 gallon ph\u00eda d\u01b0\u1edbi<\/td>\n<\/tr>\n<tr>\n<td><strong>Ch\u1ea5t li\u1ec7u<\/strong><\/td>\n<td>Th\u00e9p carbon ph\u1ee7 l\u1edbp s\u01a1n \u0111en<\/td>\n<\/tr>\n<tr>\n<td><strong>Dimensions (L x W x H)<\/strong><\/td>\n<td>48&#8243; x 18&#8243; x 30&#8243;<\/td>\n<\/tr>\n<tr>\n<td><strong>L\u1edbp<\/strong><\/td>\n<td>Thi\u1ebft k\u1ebf hai l\u1edbp<\/td>\n<\/tr>\n<tr>\n<td><strong>Kh\u1ea3 n\u0103ng ch\u1ecbu t\u1ea3i<\/strong><\/td>\n<td>Tr\u00ean: 850 lb \/ D\u01b0\u1edbi: 250 lb<\/td>\n<\/tr>\n<tr>\n<td><strong>Ph\u00f9 h\u1ee3p cho<\/strong><\/td>\n<td>B\u1ec3 c\u00e1, b\u1ec3 nu\u00f4i b\u00f2 s\u00e1t, b\u1ec3 c\u1ea3nh sinh th\u00e1i<\/td>\n<\/tr>\n<tr>\n<td><strong>C\u00e0i \u0111\u1eb7t<\/strong><\/td>\n<td>\u0110\u00f3ng g\u00f3i ph\u1eb3ng k\u00e8m h\u01b0\u1edbng d\u1eabn l\u1eafp r\u00e1p<\/td>\n<\/tr>\n<\/tbody>\n<\/table>\n<h2>C\u00e1c t\u00ednh n\u0103ng ch\u00ednh<\/h2>\n<ul>\n<li class=\"translation-block\"><strong>Khung th\u00e9p gia c\u1ed1<\/strong> \u2013 \u0110\u1ea3m b\u1ea3o kh\u1ea3 n\u0103ng ch\u1ecbu t\u1ea3i t\u1ed1i \u0111a cho b\u1ec3 c\u00e1 n\u1eb7ng.<\/li>\n<li class=\"translation-block\"><strong>Thi\u1ebft k\u1ebf hai t\u1ea7ng<\/strong> \u2013 Cung c\u1ea5p kh\u00f4ng gian cho b\u1ec3 ch\u00ednh v\u00e0 b\u1ec3 l\u1ecdc b\u00ean d\u01b0\u1edbi ho\u1eb7c thi\u1ebft l\u1eadp nh\u1ecf h\u01a1n.<\/li>\n<li class=\"translation-block\">L\u1edbp s\u01a1n t\u0129nh \u0111i\u1ec7n \u2013 Ch\u1ed1ng \u0103n m\u00f2n v\u00e0 ph\u00f9 h\u1ee3p s\u1eed d\u1ee5ng l\u00e2u d\u00e0i trong nh\u00e0.<\/li>\n<li class=\"translation-block\">Thi\u1ebft k\u1ebf m\u1eb7t sau m\u1edf \u2013 Gi\u00fap t\u00edch h\u1ee3p h\u1ec7 th\u1ed1ng \u1ed1ng n\u01b0\u1edbc v\u00e0 l\u1ecdc d\u1ec5 d\u00e0ng.<\/li>\n<li class=\"translation-block\">Ch\u00e2n cao su ch\u1ed1ng tr\u01b0\u1ee3t \u2013 B\u1ea3o v\u1ec7 s\u00e0n nh\u00e0 v\u00e0 t\u0103ng \u0111\u1ed9 \u1ed5n \u0111\u1ecbnh.<\/li>\n<\/ul>\n<h2>OEM &amp; B\u00e1n bu\u00f4n<\/h2>\n<p class=\"translation-block\">L\u00e0 nh\u00e0 s\u1ea3n xu\u1ea5t ch\u00e2n \u0111\u1ee1 b\u1ec3 c\u00e1 chuy\u00ean nghi\u1ec7p t\u1ea1i Trung Qu\u1ed1c, ch\u00fang t\u00f4i h\u1ed7 tr\u1ee3 t\u00f9y ch\u1ec9nh OEM, d\u00e1n nh\u00e3n ri\u00eang v\u00e0 \u0111\u01a1n h\u00e0ng s\u1ed1 l\u01b0\u1ee3ng l\u1edbn. MOQ ch\u1ec9 t\u1eeb 50 chi\u1ebfc. Li\u00ean h\u1ec7 v\u1edbi ch\u00fang t\u00f4i \u0111\u1ec3 nh\u1eadn b\u00e1o gi\u00e1 ho\u1eb7c danh m\u1ee5c s\u1ea3n ph\u1ea9m.<\/p>\n<h2>\u0110\u00f3ng g\u00f3i &amp; V\u1eadn chuy\u1ec3n<\/h2>\n<ul>\n<li>H\u1ed9p \u0111\u00f3ng g\u00f3i ph\u1eb3ng, c\u00f3 l\u1edbp b\u1ea3o v\u1ec7 b\u1eb1ng x\u1ed1p<\/li>\n<li>M\u1ed9t b\u1ed9 m\u1ed7i th\u00f9ng<\/li>\n<li>Bao b\u00ec ti\u00eau chu\u1ea9n xu\u1ea5t kh\u1ea9u<\/li>\n<li>Giao h\u00e0ng b\u1eb1ng \u0111\u01b0\u1eddng bi\u1ec3n, h\u00e0ng kh\u00f4ng ho\u1eb7c chuy\u1ec3n ph\u00e1t nhanh<\/li>\n<\/ul>\n<h2>Li\u00ean h\u1ec7 v\u1edbi ch\u00fang t\u00f4i<\/h2>\n<p class=\"translation-block\">Interested in wholesale pricing or custom sizes?<br>\r\n\ud83d\udce9 <a href=\"https:\/\/bfefishtank.com\/vi\/contact\/\" target=\"_blank\" rel=\"noopener\">Contact us <\/a> or send your inquiry to <strong>sales@bfefishtank.com<\/strong><\/p>\n<h2>S\u1ea3n ph\u1ea9m li\u00ean quan<\/h2>\n<ul>\n<li><a href=\"https:\/\/bfefishtank.com\/vi\/danh-muc-san-pham\/fish-tank-aquarium-accessories\/\">Ph\u1ee5 ki\u1ec7n b\u1ec3 c\u00e1<\/a><\/li>\n<li><a href=\"https:\/\/bfefishtank.com\/vi\/danh-muc-san-pham\/fish-tank-aquarium-accessories\/\">Aquarium Lighting Systems<\/a><\/li>\n<\/ul>","protected":false},"excerpt":{"rendered":"<p>75 Gallon\u00a0Aquarium Stand \u2013 Heavy Duty Dual-Layer Metal Aquarium Cabinet Looking for a durable and stylish 75 gallon Aquarium stand? This dual-layer aquarium cabinet is designed to support up to 850 lbs, making it ideal for 75-gallon aquariums, terrariums, reptile tanks, or display setups. Whether you&#8217;re furnishing a home, pet store, or setting up a&#8230;<\/p>","protected":false},"featured_media":507,"template":"","meta":{"_kad_post_transparent":"default","_kad_post_title":"","_kad_post_layout":"default","_kad_post_sidebar_id":"","_kad_post_content_style":"default","_kad_post_vertical_padding":"default","_kad_post_feature":"","_kad_post_feature_position":"","_kad_post_header":false,"_kad_post_footer":false},"product_brand":[],"product_cat":[41],"product_tag":[],"class_list":{"0":"post-506","1":"product","2":"type-product","3":"status-publish","4":"has-post-thumbnail","6":"product_cat-fish-tank-aquarium-accessories","8":"first","9":"instock","10":"shipping-taxable","11":"product-type-simple","12":"entry","13":"content-bg","14":"loop-entry"},"jetpack_sharing_enabled":true,"_links":{"self":[{"href":"https:\/\/bfefishtank.com\/vi\/wp-json\/wp\/v2\/product\/506","targetHints":{"allow":["GET"]}}],"collection":[{"href":"https:\/\/bfefishtank.com\/vi\/wp-json\/wp\/v2\/product"}],"about":[{"href":"https:\/\/bfefishtank.com\/vi\/wp-json\/wp\/v2\/types\/product"}],"wp:featuredmedia":[{"embeddable":true,"href":"https:\/\/bfefishtank.com\/vi\/wp-json\/wp\/v2\/media\/507"}],"wp:attachment":[{"href":"https:\/\/bfefishtank.com\/vi\/wp-json\/wp\/v2\/media?parent=506"}],"wp:term":[{"taxonomy":"product_brand","embeddable":true,"href":"https:\/\/bfefishtank.com\/vi\/wp-json\/wp\/v2\/product_brand?post=506"},{"taxonomy":"product_cat","embeddable":true,"href":"https:\/\/bfefishtank.com\/vi\/wp-json\/wp\/v2\/product_cat?post=506"},{"taxonomy":"product_tag","embeddable":true,"href":"https:\/\/bfefishtank.com\/vi\/wp-json\/wp\/v2\/product_tag?post=506"}],"curies":[{"name":"wp","href":"https:\/\/api.w.org\/{rel}","templated":true}]}}